
{"id":11865,"date":"2018-12-14T13:09:59","date_gmt":"2018-12-14T13:09:59","guid":{"rendered":"https:\/\/maro1.maro.agency\/?page_id=11865"},"modified":"2023-03-13T09:55:45","modified_gmt":"2023-03-13T09:55:45","slug":"sherbimet","status":"publish","type":"page","link":"https:\/\/dekra-kosovo.com\/en\/sherbimet\/","title":{"rendered":"Services"},"content":{"rendered":"<div class=\"wpb-content-wrapper\"><div  data-delay=\"0\" data-vc-full-width=\"true\" data-vc-full-width-init=\"false\" class=\"vc_row wpb_row vc_row-fluid vc_custom_1547030115208\"><div class=\"aligncenter wpb_animate_when_almost_visible wpb_fadeIn fadeIn wpb_column vc_column_container vc_col-sm-12\" data-delay=\"600\"><div class=\"vc_column-inner\"><div class=\"wpb_wrapper\"><div id=\"1547030120674-dee8f4c6-7f48\" class=\"dt-sc-empty-space\"><\/div><h2 class=\"default-title  wpb_animate_when_almost_visible wpb_top-to-bottom top-to-bottom\" data-delay='150'>DEKRA Akademie Services<\/h2><div id=\"1530624719919-889d6588-af0a\" class=\"dt-sc-empty-space\"><\/div><div class=\"vc_row wpb_row vc_inner vc_row-fluid\"><div class=\"wpb_column vc_column_container vc_col-sm-4\"><div class=\"vc_column-inner\"><div class=\"wpb_wrapper\"><div class='dt-sc-icon-box type3 circle  wpb_animate_when_almost_visible wpb_fadeInLeft fadeInLeft' data-delay='500' ><div class=\"icon-wrapper\"><span><\/span><\/div><div class=\"icon-content\"><h4>Language Training<\/h4><p>German language courses from level A1 to B2.<\/p><\/div><\/div><div id=\"1544851551035-acfebeb8-426b\" class=\"dt-sc-empty-space\"><\/div><\/div><\/div><\/div><div class=\"wpb_column vc_column_container vc_col-sm-4\"><div class=\"vc_column-inner\"><div class=\"wpb_wrapper\"><div class='dt-sc-icon-box type3 circle  wpb_animate_when_almost_visible wpb_fadeInDown fadeInDown' data-delay='500' ><div class=\"icon-wrapper\"><span><img loading=\"lazy\" decoding=\"async\" width=\"100\" height=\"100\" src=\"https:\/\/dekra-kosovo.com\/wp-content\/uploads\/2018\/12\/live-chats.png\" class=\"attachment-full\" alt=\"img\" title=\"live-chats\" \/><\/span><\/div><div class=\"icon-content\"><h4>Professional Training<\/h4><p>Professional German language courses, and practical nursing training.<\/p><\/div><\/div><div id=\"1544851582356-542a206d-27e4\" class=\"dt-sc-empty-space\"><\/div><div id=\"1544169976394-18ada913-e3c0\" class=\"dt-sc-empty-space\"><\/div><\/div><\/div><\/div><div class=\"wpb_column vc_column_container vc_col-sm-4\"><div class=\"vc_column-inner\"><div class=\"wpb_wrapper\"><div class='dt-sc-icon-box type3 circle  wpb_animate_when_almost_visible wpb_fadeInRight fadeInRight' data-delay='900' ><div class=\"icon-wrapper\"><span><img loading=\"lazy\" decoding=\"async\" width=\"100\" height=\"100\" src=\"https:\/\/dekra-kosovo.com\/wp-content\/uploads\/2019\/01\/vip.png\" class=\"attachment-full\" alt=\"\" title=\"vip\" \/><\/span><\/div><div class=\"icon-content\"><h4>Administrative Support<\/h4><p>Work contract, document recognition, work visa.<\/p><\/div><\/div><div id=\"1544851626489-0e1a096b-fc02\" class=\"dt-sc-empty-space\"><\/div><\/div><\/div><\/div><\/div><\/div><\/div><\/div><\/div><div class=\"vc_row-full-width vc_clearfix\"><\/div><div  data-delay=\"0\" data-vc-full-width=\"true\" data-vc-full-width-init=\"false\" class=\"vc_row wpb_row vc_row-fluid modern-learning vc_custom_1544852871771 vc_row-has-fill vc_row-o-equal-height vc_row-o-content-middle vc_row-flex\"><div class=\"wpb_animate_when_almost_visible wpb_zoomInLeft zoomInLeft wpb_column vc_column_container vc_col-sm-4\" data-delay=\"1000\"><div class=\"vc_column-inner\"><div class=\"wpb_wrapper\"><div id=\"1544850822802-c483bc61-b17b\" class=\"dt-sc-empty-space\"><\/div>\n\t<div  class=\"wpb_single_image wpb_content_element vc_align_left wpb_content_element  circle-image2\">\n\t\t\n\t\t<figure class=\"wpb_wrapper vc_figure\">\n\t\t\t<div class=\"vc_single_image-wrapper   vc_box_border_grey\"><img loading=\"lazy\" decoding=\"async\" width=\"2560\" height=\"1707\" src=\"https:\/\/dekra-kosovo.com\/wp-content\/uploads\/NIK_9016-copy-scaled.jpg\" class=\"vc_single_image-img attachment-full\" alt=\"\" title=\"NIK_9016 copy\" srcset=\"https:\/\/dekra-kosovo.com\/wp-content\/uploads\/NIK_9016-copy-scaled.jpg 2560w, https:\/\/dekra-kosovo.com\/wp-content\/uploads\/NIK_9016-copy-768x512.jpg 768w, https:\/\/dekra-kosovo.com\/wp-content\/uploads\/NIK_9016-copy-1536x1024.jpg 1536w, https:\/\/dekra-kosovo.com\/wp-content\/uploads\/NIK_9016-copy-2048x1365.jpg 2048w, https:\/\/dekra-kosovo.com\/wp-content\/uploads\/NIK_9016-copy-960x640.jpg 960w, https:\/\/dekra-kosovo.com\/wp-content\/uploads\/NIK_9016-copy-750x500.jpg 750w, https:\/\/dekra-kosovo.com\/wp-content\/uploads\/NIK_9016-copy-570x380.jpg 570w, https:\/\/dekra-kosovo.com\/wp-content\/uploads\/NIK_9016-copy-600x400.jpg 600w, https:\/\/dekra-kosovo.com\/wp-content\/uploads\/NIK_9016-copy-540x360.jpg 540w, https:\/\/dekra-kosovo.com\/wp-content\/uploads\/NIK_9016-copy-1000x667.jpg 1000w\" sizes=\"auto, (max-width: 2560px) 100vw, 2560px\" \/><\/div>\n\t\t<\/figure>\n\t<\/div>\n<div id=\"1544850889819-ff356ee1-1c5f\" class=\"dt-sc-empty-space\"><\/div><\/div><\/div><\/div><div class=\"space-left-mid wpb_column vc_column_container vc_col-sm-8\" data-delay=\"0\"><div class=\"vc_column-inner\"><div class=\"wpb_wrapper\"><p style=\"text-align: left\" class=\"vc_custom_heading title_uppercase vcr_heading-right wpb_animate_when_almost_visible wpb_fadeIn fadeIn vc_custom_1625047650226\" ><\/p><h2 style=\"font-size: 30px;line-height: 40px;text-align: left\" class=\"vc_custom_heading vcr_heading-right wpb_animate_when_almost_visible wpb_fadeIn fadeIn\" >What do you get from the program?<\/h2>\r\n\t<div class=\"wpb_text_column wpb_content_element  wpb_animate_when_almost_visible wpb_fadeIn fadeIn vc_custom_1547883185137\" >\r\n\t\t<div class=\"wpb_wrapper\">\r\n\t\t\t<div class='dt-sc-small-separator'><\/div>\n\r\n\t\t<\/div>\r\n\t<\/div>\r\n<div class=\"vc_row wpb_row vc_inner vc_row-fluid\"><div class=\"wpb_column vc_column_container vc_col-sm-12\"><div class=\"vc_column-inner\"><div class=\"wpb_wrapper\"><ul class='dt-sc-fancy-list  green  wpb_animate_when_almost_visible wpb_fadeInRight fadeInRight circle arrow' data-delay='500'>\n<li>A1 \u2013 B2 level knowledge in German language for professional environments<\/li>\n<li>Professional practical training in Greece or Albania<\/li>\n<li>A permanent German License in nursing<\/li>\n<li>A work contract with one of our clinics<\/li>\n<li>A nursing career in Germany<\/li>\n<\/ul><\/div><\/div><\/div><\/div><div id=\"1544850786441-fcf30024-a99b\" class=\"dt-sc-empty-space\"><\/div><a href='https:\/\/dekra-kosovo.com\/en\/kontakti\/' target='_self' title='Contact' class='dt-sc-button   medium     wpb_animate_when_almost_visible wpb_bounceInUp bounceInUp gradient-button' data-delay='1200' > Contact us <\/a><div id=\"1548670282329-07edb75f-d251\" class=\"dt-sc-empty-space\"><\/div><\/div><\/div><\/div><\/div><div class=\"vc_row-full-width vc_clearfix\"><\/div>\n<\/div>","protected":false},"excerpt":{"rendered":"Sh\u00ebrbimet e DEKRA AkademieTrajnimi p\u00ebr gjuh\u00eb GjermaneKurse t\u00eb gjuh\u00ebs gjermane nga niveli A1 deri n\u00eb nivelin B2.Trajnim profesionalKurse profesionale t\u00eb gjuh\u00ebs gjermane, dhe trajnim praktik t\u00eb infermieris\u00eb.Mb\u00ebshtetje administrativeKontrata e pun\u00ebs, njohja e dokumentit, viza e pun\u00ebs. \u00c7far\u00eb fitoni nga ky program? Njohuri t\u00eb nivelit A1 - B2 n\u00eb gjuh\u00ebn profesionale Gjermane. Trajnim praktik profesional n\u00eb [...]","protected":false},"author":3,"featured_media":0,"parent":0,"menu_order":0,"comment_status":"closed","ping_status":"closed","template":"","meta":{"footnotes":""},"class_list":["post-11865","page","type-page","status-publish","hentry"],"_links":{"self":[{"href":"https:\/\/dekra-kosovo.com\/en\/wp-json\/wp\/v2\/pages\/11865","targetHints":{"allow":["GET"]}}],"collection":[{"href":"https:\/\/dekra-kosovo.com\/en\/wp-json\/wp\/v2\/pages"}],"about":[{"href":"https:\/\/dekra-kosovo.com\/en\/wp-json\/wp\/v2\/types\/page"}],"author":[{"embeddable":true,"href":"https:\/\/dekra-kosovo.com\/en\/wp-json\/wp\/v2\/users\/3"}],"replies":[{"embeddable":true,"href":"https:\/\/dekra-kosovo.com\/en\/wp-json\/wp\/v2\/comments?post=11865"}],"version-history":[{"count":1,"href":"https:\/\/dekra-kosovo.com\/en\/wp-json\/wp\/v2\/pages\/11865\/revisions"}],"predecessor-version":[{"id":20576,"href":"https:\/\/dekra-kosovo.com\/en\/wp-json\/wp\/v2\/pages\/11865\/revisions\/20576"}],"wp:attachment":[{"href":"https:\/\/dekra-kosovo.com\/en\/wp-json\/wp\/v2\/media?parent=11865"}],"curies":[{"name":"wp","href":"https:\/\/api.w.org\/{rel}","templated":true}]}}