
{"id":11991,"date":"2018-12-21T04:20:45","date_gmt":"2018-12-21T04:20:45","guid":{"rendered":"https:\/\/maro1.maro.agency\/?page_id=11991"},"modified":"2023-03-13T09:55:27","modified_gmt":"2023-03-13T09:55:27","slug":"kontakti","status":"publish","type":"page","link":"https:\/\/dekra-kosovo.com\/en\/kontakti\/","title":{"rendered":"Contact"},"content":{"rendered":"<div class=\"wpb-content-wrapper\"><div  data-delay=\"0\" data-vc-full-width=\"true\" data-vc-full-width-init=\"false\" data-vc-stretch-content=\"true\" class=\"vc_row wpb_row vc_row-fluid vc_custom_1626423153299 vc_row-has-fill vc_row-o-content-middle vc_row-flex\"><div class=\"wpb_column vc_column_container vc_col-sm-12\" data-delay=\"0\"><div class=\"vc_column-inner\"><div class=\"wpb_wrapper\">\r\n\t<div class=\"wpb_text_column wpb_content_element  vc_custom_1626691243421\" >\r\n\t\t<div class=\"wpb_wrapper\">\r\n\t\t\t<p style=\"text-align: center;\"><iframe loading=\"lazy\" style=\"border: 0;\" src=\"https:\/\/www.google.com\/maps\/d\/u\/0\/embed?mid=1CndoxbPsoUoxuEV_i_hEBii4cbSywKBE\" width=\"1800px\" height=\"450\"><\/iframe><\/p>\n\r\n\t\t<\/div>\r\n\t<\/div>\r\n<\/div><\/div><\/div><\/div><div class=\"vc_row-full-width vc_clearfix\"><\/div><div  style='background-position:right top !important;'  data-delay=\"0\" data-vc-full-width=\"true\" data-vc-full-width-init=\"false\" class=\"vc_row wpb_row vc_row-fluid vc_custom_1546238711913 vc_row-has-fill\"><div class=\"spacing-right dt-col-sm-12 wpb_column vc_column_container vc_col-sm-7\" data-delay=\"0\"><div class=\"vc_column-inner\"><div class=\"wpb_wrapper\"><h2 class=\"default-heading  wpb_animate_when_almost_visible wpb_fadeInLeft fadeInLeft\" data-delay='500'>DEKRA Akademie in Kosovo:<\/h2>\r\n\t<div class=\"wpb_text_column wpb_content_element  wpb_animate_when_almost_visible wpb_fadeIn fadeIn vc_custom_1547890665484\" >\r\n\t\t<div class=\"wpb_wrapper\">\r\n\t\t\t<div class='dt-sc-small-separator'><\/div>\n\r\n\t\t<\/div>\r\n\t<\/div>\r\n\r\n\t<div class=\"wpb_text_column wpb_content_element  wpb_animate_when_almost_visible wpb_fadeInUp fadeInUp vc_custom_1626355244828\" >\r\n\t\t<div class=\"wpb_wrapper\">\r\n\t\t\t<p>Our headquarters are located in Pristina.<\/p>\n\r\n\t\t<\/div>\r\n\t<\/div>\r\n<div class=\"vc_row wpb_row vc_inner vc_row-fluid vc_custom_1545378874491\"><div class=\"wpb_column vc_column_container vc_col-sm-8\"><div class=\"vc_column-inner\"><div class=\"wpb_wrapper\"><div class='dt-sc-contact-info   wpb_animate_when_almost_visible wpb_fadeInLeft fadeInLeft simple-type' data-delay='800'><span class='fa fa-clock-o'> <\/span><h6>Working Hours<\/h6><p style=\"text-align: center;\">Monday to Friday<\/p><\/div><h6 class=\"default-heading  wpb_animate_when_almost_visible wpb_fadeInUp fadeInUp\" data-delay='800'>Follow us on:<\/h6><ul id='dt-1545213802338-44596e30-1c3b' data-delay='900' class='dt-sc-sociable extra-large left wpb_animate_when_almost_visible wpb_fadeInUp fadeInUp social-icons-large'\n                data-default-style = 'filled'\n                data-default-border-radius = 'no'\n                data-default-shape = 'circle'\n                data-hover-style = 'filled'\n                data-hover-border-radius = 'no'\n                data-hover-shape = 'circle'\n                ><li class=\"facebook\">  <a href=\"https:\/\/www.facebook.com\/DEKRAAkademieKosove\" title=\"\" target=\"_blank\">      <span class=\"dt-icon-default\"> <span><\/span> <\/span>      <i><\/i>      <span class=\"dt-icon-hover\"> <span><\/span> <\/span>  <\/a><\/li><li class=\"instagram\">  <a href=\"https:\/\/www.instagram.com\/dekraakademie.ks\/\" title=\"\" target=\"_blank\">      <span class=\"dt-icon-default\"> <span><\/span> <\/span>      <i><\/i>      <span class=\"dt-icon-hover\"> <span><\/span> <\/span>  <\/a><\/li><li class=\"youtube\">  <a href=\"https:\/\/www.youtube.com\/channel\/UCxWrnTWP44uBoxQxAm0L8ag\" title=\"\" target=\"_blank\">      <span class=\"dt-icon-default\"> <span><\/span> <\/span>      <i><\/i>      <span class=\"dt-icon-hover\"> <span><\/span> <\/span>  <\/a><\/li><\/ul><\/div><\/div><\/div><div class=\"wpb_column vc_column_container vc_col-sm-4\"><div class=\"vc_column-inner\"><div class=\"wpb_wrapper\"><\/div><\/div><\/div><\/div><\/div><\/div><\/div><div class=\"dt-col-sm-12 wpb_column vc_column_container vc_col-sm-5\" data-delay=\"0\"><div class=\"vc_column-inner\"><div class=\"wpb_wrapper\"><div id=\"1545378992950-5e3969ba-52e5\" class=\"dt-sc-empty-space\"><\/div><div class='dt-sc-contact-info   wpb_animate_when_almost_visible wpb_fadeInRight fadeInRight simple-type' data-delay='500'><span class='fas fa-map-marker-alt'> <\/span><h6>Address<\/h6>Rruga Rrexhep Luci, nr.09, 10000 Prishtin\u00eb.<\/div><div class='dt-sc-contact-info   wpb_animate_when_almost_visible wpb_fadeInRight fadeInRight simple-type' data-delay='600'><span class='fas fa-phone'> <\/span><h6>Phone<\/h6>+383 48 552 552<\/div><div class='dt-sc-contact-info   wpb_animate_when_almost_visible wpb_fadeInRight fadeInRight simple-type' data-delay='700'><span class='fas fa-envelope'> <\/span><h6>Email<\/h6><a href=\"\/en\/regjistrimet.ks@dekra.com\/\">regjistrime.ks@dekra.com<\/a><\/div><div id=\"1545379069271-e9e6fa2a-af73\" class=\"dt-sc-empty-space\"><\/div><div id=\"1545379397362-94125922-392c\" class=\"dt-sc-empty-space\"><\/div><\/div><\/div><\/div><\/div><div class=\"vc_row-full-width vc_clearfix\"><\/div><div  data-delay=\"0\" data-vc-full-width=\"true\" data-vc-full-width-init=\"false\" class=\"vc_row wpb_row vc_row-fluid mouse-hover-animation vc_custom_1626187187078 vc_row-has-fill\"><div class=\"wpb_column vc_column_container vc_col-sm-3\" data-delay=\"0\"><div class=\"vc_column-inner\"><div class=\"wpb_wrapper\"><\/div><\/div><\/div><div class=\"space-both-xsmall wpb_animate_when_almost_visible wpb_fadeIn fadeIn wpb_column vc_column_container vc_col-sm-6\" data-delay=\"150\"><div class=\"vc_column-inner\"><div class=\"wpb_wrapper\"><div id=\"1545374664710-5b96ded1-4582\" class=\"dt-sc-empty-space\"><\/div><div class=\"vc_row wpb_row vc_inner vc_row-fluid\"><div class=\"aligncenter wpb_column vc_column_container vc_col-sm-12\"><div class=\"vc_column-inner\"><div class=\"wpb_wrapper\"><h2 class=\"default-title  wpb_animate_when_almost_visible wpb_top-to-bottom top-to-bottom\" data-delay='150'>Talk to us<\/h2><p style=\"text-align: center\" class=\"vc_custom_heading title_uppercase wpb_animate_when_almost_visible wpb_fadeIn fadeIn\" >We are always open to your ideas.<\/p><\/div><\/div><\/div><\/div><div id=\"1545374696746-2f234990-7a8f\" class=\"dt-sc-empty-space\"><\/div>\n<div class=\"wpcf7 no-js\" id=\"wpcf7-f11994-o1\" lang=\"en-US\" dir=\"ltr\" data-wpcf7-id=\"11994\">\n<div class=\"screen-reader-response\"><p role=\"status\" aria-live=\"polite\" aria-atomic=\"true\"><\/p> <ul><\/ul><\/div>\n<form action=\"\/en\/wp-json\/wp\/v2\/pages\/11991#wpcf7-f11994-o1\" method=\"post\" class=\"wpcf7-form init contact-form\" aria-label=\"Contact form\" novalidate=\"novalidate\" data-status=\"init\" data-trp-original-action=\"\/en\/wp-json\/wp\/v2\/pages\/11991#wpcf7-f11994-o1\">\n<fieldset class=\"hidden-fields-container\"><input type=\"hidden\" name=\"_wpcf7\" value=\"11994\" \/><input type=\"hidden\" name=\"_wpcf7_version\" value=\"6.1.5\" \/><input type=\"hidden\" name=\"_wpcf7_locale\" value=\"en_US\" \/><input type=\"hidden\" name=\"_wpcf7_unit_tag\" value=\"wpcf7-f11994-o1\" \/><input type=\"hidden\" name=\"_wpcf7_container_post\" value=\"0\" \/><input type=\"hidden\" name=\"_wpcf7_posted_data_hash\" value=\"\" \/>\n<\/fieldset>\n<div class=\"column dt-sc-one-column first\">\n\t<p><span class=\"wpcf7-form-control-wrap\" data-name=\"first_name\"><input size=\"40\" maxlength=\"400\" class=\"wpcf7-form-control wpcf7-text wpcf7-validates-as-required\" aria-required=\"true\" aria-invalid=\"false\" placeholder=\"Name\" value=\"\" type=\"text\" name=\"first_name\" \/><\/span>\n\t<\/p>\n<\/div>\n<div class=\"column dt-sc-one-column\">\n\t<p><span class=\"wpcf7-form-control-wrap\" data-name=\"email-606\"><input size=\"40\" maxlength=\"400\" class=\"wpcf7-form-control wpcf7-email wpcf7-validates-as-required wpcf7-text wpcf7-validates-as-email\" aria-required=\"true\" aria-invalid=\"false\" placeholder=\"Email\" value=\"\" type=\"email\" name=\"email-606\" \/><\/span>\n\t<\/p>\n<\/div>\n<div class=\"column dt-sc-one-column first address\">\n\t<p><span class=\"wpcf7-form-control-wrap\" data-name=\"text-844\"><input size=\"40\" maxlength=\"400\" class=\"wpcf7-form-control wpcf7-text\" aria-invalid=\"false\" placeholder=\"Subject\" value=\"\" type=\"text\" name=\"text-844\" \/><\/span>\n\t<\/p>\n<\/div>\n<div class=\"column dt-sc-one-column first\">\n\t<p><span class=\"wpcf7-form-control-wrap\" data-name=\"textarea-960\"><textarea cols=\"40\" rows=\"10\" maxlength=\"2000\" class=\"wpcf7-form-control wpcf7-textarea\" aria-invalid=\"false\" placeholder=\"Message\" name=\"textarea-960\"><\/textarea><\/span>\n\t<\/p>\n<\/div>\n<p><input class=\"wpcf7-form-control wpcf7-submit has-spinner\" type=\"submit\" value=\"Send\" \/>\n<\/p><p style=\"display: none !important;\" class=\"akismet-fields-container\" data-prefix=\"_wpcf7_ak_\"><label>&#916;<textarea name=\"_wpcf7_ak_hp_textarea\" cols=\"45\" rows=\"8\" maxlength=\"100\"><\/textarea><\/label><input type=\"hidden\" id=\"ak_js_1\" name=\"_wpcf7_ak_js\" value=\"79\"\/><script>document.getElementById( \"ak_js_1\" ).setAttribute( \"value\", ( new Date() ).getTime() );<\/script><\/p><div class=\"wpcf7-response-output\" aria-hidden=\"true\"><\/div>\n<input type=\"hidden\" name=\"trp-form-language\" value=\"en\"\/><\/form>\n<\/div>\n<div id=\"1545368663541-0264618a-5b21\" class=\"dt-sc-empty-space\"><\/div><\/div><\/div><\/div><div class=\"wpb_column vc_column_container vc_col-sm-3\" data-delay=\"0\"><div class=\"vc_column-inner\"><div class=\"wpb_wrapper\"><\/div><\/div><\/div><\/div><div class=\"vc_row-full-width vc_clearfix\"><\/div>\n<\/div>","protected":false},"excerpt":{"rendered":"DEKRA Akademie n\u00eb Kosov\u00eb: Dega kryesore gjendet n\u00eb Prishtin\u00eb. Orari i pun\u00ebsNga e H\u00ebna n\u00eb t\u00eb PremteNa ndiqni n\u00eb: AdresaRruga Rrexhep Luci, nr.09, 10000 Prishtin\u00eb. Numri kontaktues+383 48 552 552 Email Adresaregjistrime.ks@dekra.comNa kontaktoGjithmon\u00eb n\u00eb gatishmeri p\u00ebr mendimet e juaja. &#916;","protected":false},"author":3,"featured_media":0,"parent":0,"menu_order":0,"comment_status":"closed","ping_status":"closed","template":"","meta":{"footnotes":""},"class_list":["post-11991","page","type-page","status-publish","hentry"],"_links":{"self":[{"href":"https:\/\/dekra-kosovo.com\/en\/wp-json\/wp\/v2\/pages\/11991","targetHints":{"allow":["GET"]}}],"collection":[{"href":"https:\/\/dekra-kosovo.com\/en\/wp-json\/wp\/v2\/pages"}],"about":[{"href":"https:\/\/dekra-kosovo.com\/en\/wp-json\/wp\/v2\/types\/page"}],"author":[{"embeddable":true,"href":"https:\/\/dekra-kosovo.com\/en\/wp-json\/wp\/v2\/users\/3"}],"replies":[{"embeddable":true,"href":"https:\/\/dekra-kosovo.com\/en\/wp-json\/wp\/v2\/comments?post=11991"}],"version-history":[{"count":2,"href":"https:\/\/dekra-kosovo.com\/en\/wp-json\/wp\/v2\/pages\/11991\/revisions"}],"predecessor-version":[{"id":20565,"href":"https:\/\/dekra-kosovo.com\/en\/wp-json\/wp\/v2\/pages\/11991\/revisions\/20565"}],"wp:attachment":[{"href":"https:\/\/dekra-kosovo.com\/en\/wp-json\/wp\/v2\/media?parent=11991"}],"curies":[{"name":"wp","href":"https:\/\/api.w.org\/{rel}","templated":true}]}}