
{"id":12043,"date":"2019-01-09T13:20:33","date_gmt":"2019-01-09T13:20:33","guid":{"rendered":"http:\/\/owly.dttheme.com\/?page_id=12043"},"modified":"2023-03-13T09:55:26","modified_gmt":"2023-03-13T09:55:26","slug":"cka-ka-tre","status":"publish","type":"page","link":"https:\/\/dekra-kosovo.com\/en\/cka-ka-tre\/","title":{"rendered":"News Caf\u00e9"},"content":{"rendered":"<div class=\"wpb-content-wrapper\"><div  data-delay=\"0\" class=\"vc_row wpb_row vc_row-fluid\"><div class=\"wpb_column vc_column_container vc_col-sm-12\" data-delay=\"0\"><div class=\"vc_column-inner\"><div class=\"wpb_wrapper\"><div class=\"dt-sc-posts-list-wrapper\" data-delay=\"0\"><div class='tpl-blog-holder apply-equal-height'><div class='grid-sizer column dt-sc-one-third dt-sc-post-entry entry-grid-layout dt-sc-boxed-style  dt-sc-default-hover dt-sc-default-overlay alignnone'><\/div><div class=\"column dt-sc-one-third dt-sc-post-entry entry-grid-layout dt-sc-boxed-style  dt-sc-default-hover dt-sc-default-overlay alignnone first\"><article id=\"post-20773\" class=\"blog-entry format-standard post-20773 post type-post status-publish has-post-thumbnail hentry category-uncategorized-en\">\t\t\t<!-- Featured Image -->\r\n\t\t\t<div class=\"entry-thumb\">\r\n\t\t\t\t\t\t<a href=\"https:\/\/dekra-kosovo.com\/en\/gjermania-po-ju-pret\/\" title=\"Permalink to GJERMANIA PO JU PRET!\">\r\n\t\t\t<img loading=\"lazy\" decoding=\"async\" width=\"570\" height=\"380\" src=\"https:\/\/dekra-kosovo.com\/wp-content\/uploads\/6-1-570x380.jpg\" class=\"attachment-elearni-blog-iii-column size-elearni-blog-iii-column wp-post-image\" alt=\"\" srcset=\"https:\/\/dekra-kosovo.com\/wp-content\/uploads\/6-1-570x380.jpg 570w, https:\/\/dekra-kosovo.com\/wp-content\/uploads\/6-1-750x500.jpg 750w, https:\/\/dekra-kosovo.com\/wp-content\/uploads\/6-1-600x400.jpg 600w\" sizes=\"auto, (max-width: 570px) 100vw, 570px\" \/>\t\t<\/a>\r\n                \t\t\t<\/div><!-- Featured Image -->\r\n        <!-- Entry Title -->\r\n        <div class=\"entry-title\">\r\n        \t\r\n\t<h4>\r\n\t        \t<a href=\"https:\/\/dekra-kosovo.com\/en\/gjermania-po-ju-pret\/\" title=\"Permalink to GJERMANIA PO JU PRET!\">GJERMANIA PO JU PRET!<\/a>\r\n\t<\/h4>        <\/div><!-- Entry Title --><\/article><\/div><div class=\"column dt-sc-one-third dt-sc-post-entry entry-grid-layout dt-sc-boxed-style  dt-sc-default-hover dt-sc-default-overlay alignnone\"><article id=\"post-20755\" class=\"blog-entry format-standard post-20755 post type-post status-publish has-post-thumbnail hentry category-uncategorized-en\">\t\t\t<!-- Featured Image -->\r\n\t\t\t<div class=\"entry-thumb\">\r\n\t\t\t\t\t\t<a href=\"https:\/\/dekra-kosovo.com\/en\/investo-ne-te-ardhmen-tende\/\" title=\"Permalink to INVESTO N\u00cb T\u00cb ARDHMEN T\u00cbNDE\">\r\n\t\t\t<img loading=\"lazy\" decoding=\"async\" width=\"570\" height=\"380\" src=\"https:\/\/dekra-kosovo.com\/wp-content\/uploads\/web-banner-dekra-kosove-570x380.jpg\" class=\"attachment-elearni-blog-iii-column size-elearni-blog-iii-column wp-post-image\" alt=\"\" srcset=\"https:\/\/dekra-kosovo.com\/wp-content\/uploads\/web-banner-dekra-kosove-570x380.jpg 570w, https:\/\/dekra-kosovo.com\/wp-content\/uploads\/web-banner-dekra-kosove-750x500.jpg 750w, https:\/\/dekra-kosovo.com\/wp-content\/uploads\/web-banner-dekra-kosove-600x400.jpg 600w\" sizes=\"auto, (max-width: 570px) 100vw, 570px\" \/>\t\t<\/a>\r\n                \t\t\t<\/div><!-- Featured Image -->\r\n        <!-- Entry Title -->\r\n        <div class=\"entry-title\">\r\n        \t\r\n\t<h4>\r\n\t        \t<a href=\"https:\/\/dekra-kosovo.com\/en\/investo-ne-te-ardhmen-tende\/\" title=\"Permalink to INVESTO N\u00cb T\u00cb ARDHMEN T\u00cbNDE\">INVESTO N\u00cb T\u00cb ARDHMEN T\u00cbNDE<\/a>\r\n\t<\/h4>        <\/div><!-- Entry Title --><\/article><\/div><div class=\"column dt-sc-one-third dt-sc-post-entry entry-grid-layout dt-sc-boxed-style  dt-sc-default-hover dt-sc-default-overlay alignnone\"><article id=\"post-20739\" class=\"blog-entry format-standard post-20739 post type-post status-publish has-post-thumbnail hentry category-uncategorized-en\">\t\t\t<!-- Featured Image -->\r\n\t\t\t<div class=\"entry-thumb\">\r\n\t\t\t\t\t\t<a href=\"https:\/\/dekra-kosovo.com\/en\/njoftim-punesimi\/\" title=\"Permalink to Njoftim Pun\u00ebsimi\">\r\n\t\t\t<img loading=\"lazy\" decoding=\"async\" width=\"570\" height=\"380\" src=\"https:\/\/dekra-kosovo.com\/wp-content\/uploads\/420366446_820132870131920_1830795647226121675_n-570x380.jpg\" class=\"attachment-elearni-blog-iii-column size-elearni-blog-iii-column wp-post-image\" alt=\"\" srcset=\"https:\/\/dekra-kosovo.com\/wp-content\/uploads\/420366446_820132870131920_1830795647226121675_n-570x380.jpg 570w, https:\/\/dekra-kosovo.com\/wp-content\/uploads\/420366446_820132870131920_1830795647226121675_n-750x500.jpg 750w, https:\/\/dekra-kosovo.com\/wp-content\/uploads\/420366446_820132870131920_1830795647226121675_n-600x400.jpg 600w\" sizes=\"auto, (max-width: 570px) 100vw, 570px\" \/>\t\t<\/a>\r\n                \t\t\t<\/div><!-- Featured Image -->\r\n        <!-- Entry Title -->\r\n        <div class=\"entry-title\">\r\n        \t\r\n\t<h4>\r\n\t        \t<a href=\"https:\/\/dekra-kosovo.com\/en\/njoftim-punesimi\/\" title=\"Permalink to Njoftim Pun\u00ebsimi\">Njoftim Pun\u00ebsimi<\/a>\r\n\t<\/h4>        <\/div><!-- Entry Title --><\/article><\/div><div class=\"column dt-sc-one-third dt-sc-post-entry entry-grid-layout dt-sc-boxed-style  dt-sc-default-hover dt-sc-default-overlay alignnone first\"><article id=\"post-20717\" class=\"blog-entry format-standard post-20717 post type-post status-publish has-post-thumbnail hentry category-uncategorized-en\">\t\t\t<!-- Featured Image -->\r\n\t\t\t<div class=\"entry-thumb\">\r\n\t\t\t\t\t\t<a href=\"https:\/\/dekra-kosovo.com\/en\/dhuroi-vetes-punesimin-e-deshiruar-ne-gjermani\/\" title=\"Permalink to DHUROI VETES PUN\u00cbSIMIN E D\u00cbSHIRUAR N\u00cb GJERMANI!\">\r\n\t\t\t<img loading=\"lazy\" decoding=\"async\" width=\"570\" height=\"380\" src=\"https:\/\/dekra-kosovo.com\/wp-content\/uploads\/cris-1-ks-08-570x380.jpg\" class=\"attachment-elearni-blog-iii-column size-elearni-blog-iii-column wp-post-image\" alt=\"\" srcset=\"https:\/\/dekra-kosovo.com\/wp-content\/uploads\/cris-1-ks-08-570x380.jpg 570w, https:\/\/dekra-kosovo.com\/wp-content\/uploads\/cris-1-ks-08-750x500.jpg 750w, https:\/\/dekra-kosovo.com\/wp-content\/uploads\/cris-1-ks-08-600x400.jpg 600w\" sizes=\"auto, (max-width: 570px) 100vw, 570px\" \/>\t\t<\/a>\r\n                \t\t\t<\/div><!-- Featured Image -->\r\n        <!-- Entry Title -->\r\n        <div class=\"entry-title\">\r\n        \t\r\n\t<h4>\r\n\t        \t<a href=\"https:\/\/dekra-kosovo.com\/en\/dhuroi-vetes-punesimin-e-deshiruar-ne-gjermani\/\" title=\"Permalink to DHUROI VETES PUN\u00cbSIMIN E D\u00cbSHIRUAR N\u00cb GJERMANI!\">DHUROI VETES PUN\u00cbSIMIN E D\u00cbSHIRUAR N\u00cb GJERMANI!<\/a>\r\n\t<\/h4>        <\/div><!-- Entry Title --><\/article><\/div><div class=\"column dt-sc-one-third dt-sc-post-entry entry-grid-layout dt-sc-boxed-style  dt-sc-default-hover dt-sc-default-overlay alignnone\"><article id=\"post-20501\" class=\"blog-entry format-standard post-20501 post type-post status-publish has-post-thumbnail hentry category-students\">\t\t\t<!-- Featured Image -->\r\n\t\t\t<div class=\"entry-thumb\">\r\n\t\t\t\t\t\t<a href=\"https:\/\/dekra-kosovo.com\/en\/nje-buzeqeshje-me-shume\/\" title=\"Permalink to \u201cNj\u00eb buz\u00ebqeshje m\u00eb shum\u00eb\u201d\">\r\n\t\t\t<img loading=\"lazy\" decoding=\"async\" width=\"570\" height=\"380\" src=\"https:\/\/dekra-kosovo.com\/wp-content\/uploads\/1-570x380.jpeg\" class=\"attachment-elearni-blog-iii-column size-elearni-blog-iii-column wp-post-image\" alt=\"\" srcset=\"https:\/\/dekra-kosovo.com\/wp-content\/uploads\/1-570x380.jpeg 570w, https:\/\/dekra-kosovo.com\/wp-content\/uploads\/1-18x12.jpeg 18w, https:\/\/dekra-kosovo.com\/wp-content\/uploads\/1-960x640.jpeg 960w, https:\/\/dekra-kosovo.com\/wp-content\/uploads\/1-750x500.jpeg 750w, https:\/\/dekra-kosovo.com\/wp-content\/uploads\/1-600x400.jpeg 600w\" sizes=\"auto, (max-width: 570px) 100vw, 570px\" \/>\t\t<\/a>\r\n                \t\t\t<\/div><!-- Featured Image -->\r\n        <!-- Entry Title -->\r\n        <div class=\"entry-title\">\r\n        \t\r\n\t<h4>\r\n\t        \t<a href=\"https:\/\/dekra-kosovo.com\/en\/nje-buzeqeshje-me-shume\/\" title=\"Permalink to \u201cNj\u00eb buz\u00ebqeshje m\u00eb shum\u00eb\u201d\">\"One more smile\"<\/a>\r\n\t<\/h4>        <\/div><!-- Entry Title --><\/article><\/div><div class=\"column dt-sc-one-third dt-sc-post-entry entry-grid-layout dt-sc-boxed-style  dt-sc-default-hover dt-sc-default-overlay alignnone\"><article id=\"post-20499\" class=\"blog-entry format-audio post-20499 post type-post status-publish format-standard has-post-thumbnail hentry category-uncategorized-en\">\t\t\t<!-- Featured Image -->\r\n\t\t\t<div class=\"entry-thumb\">\r\n\t\t\t\t\t\t<a href=\"https:\/\/dekra-kosovo.com\/en\/dekra-akademie-ofron-mundesi-per-profesione-te-tjera\/\" title=\"Permalink to DEKRA Akademie ofron mund\u00ebsi pun\u00ebsimi edhe p\u00ebr fushat e tjera\">\r\n\t\t\t<img loading=\"lazy\" decoding=\"async\" width=\"570\" height=\"380\" src=\"https:\/\/dekra-kosovo.com\/wp-content\/uploads\/imazh-per-piken-5-570x380.jpg\" class=\"attachment-elearni-blog-iii-column size-elearni-blog-iii-column wp-post-image\" alt=\"\" srcset=\"https:\/\/dekra-kosovo.com\/wp-content\/uploads\/imazh-per-piken-5-570x380.jpg 570w, https:\/\/dekra-kosovo.com\/wp-content\/uploads\/imazh-per-piken-5-750x500.jpg 750w, https:\/\/dekra-kosovo.com\/wp-content\/uploads\/imazh-per-piken-5-600x400.jpg 600w\" sizes=\"auto, (max-width: 570px) 100vw, 570px\" \/>\t\t<\/a>\r\n                \t\t\t<\/div><!-- Featured Image -->\r\n        <!-- Entry Title -->\r\n        <div class=\"entry-title\">\r\n        \t\r\n\t<h4>\r\n\t        \t<a href=\"https:\/\/dekra-kosovo.com\/en\/dekra-akademie-ofron-mundesi-per-profesione-te-tjera\/\" title=\"Permalink to DEKRA Akademie ofron mund\u00ebsi pun\u00ebsimi edhe p\u00ebr fushat e tjera\">DEKRA Akademie ofron mund\u00ebsi pun\u00ebsimi edhe p\u00ebr fushat e tjera<\/a>\r\n\t<\/h4>        <\/div><!-- Entry Title --><\/article><\/div><div class=\"column dt-sc-one-third dt-sc-post-entry entry-grid-layout dt-sc-boxed-style  dt-sc-default-hover dt-sc-default-overlay alignnone first\"><article id=\"post-20458\" class=\"blog-entry format-standard post-20458 post type-post status-publish has-post-thumbnail hentry category-uncategorized-en\">\t\t\t<!-- Featured Image -->\r\n\t\t\t<div class=\"entry-thumb\">\r\n\t\t\t\t\t\t<a href=\"https:\/\/dekra-kosovo.com\/en\/telegrafi-com-akademia-qe-po-u-hap-dyert-infermiereve-te-kosoves-per-te-punuar-ne-gjermani\/\" title=\"Permalink to Telegrafi.com: Akademia q\u00eb po u hap dyert Infermier\u00ebve t\u00eb Kosov\u00ebs p\u00ebr t\u00eb punuar n\u00eb Gjermani\">\r\n\t\t\t<img loading=\"lazy\" decoding=\"async\" width=\"570\" height=\"380\" src=\"https:\/\/dekra-kosovo.com\/wp-content\/uploads\/NIK_0023-copy-570x380.jpg\" class=\"attachment-elearni-blog-iii-column size-elearni-blog-iii-column wp-post-image\" alt=\"\" srcset=\"https:\/\/dekra-kosovo.com\/wp-content\/uploads\/NIK_0023-copy-570x380.jpg 570w, https:\/\/dekra-kosovo.com\/wp-content\/uploads\/NIK_0023-copy-768x512.jpg 768w, https:\/\/dekra-kosovo.com\/wp-content\/uploads\/NIK_0023-copy-1536x1024.jpg 1536w, https:\/\/dekra-kosovo.com\/wp-content\/uploads\/NIK_0023-copy-2048x1365.jpg 2048w, https:\/\/dekra-kosovo.com\/wp-content\/uploads\/NIK_0023-copy-18x12.jpg 18w, https:\/\/dekra-kosovo.com\/wp-content\/uploads\/NIK_0023-copy-960x640.jpg 960w, https:\/\/dekra-kosovo.com\/wp-content\/uploads\/NIK_0023-copy-750x500.jpg 750w, https:\/\/dekra-kosovo.com\/wp-content\/uploads\/NIK_0023-copy-600x400.jpg 600w, https:\/\/dekra-kosovo.com\/wp-content\/uploads\/NIK_0023-copy-540x360.jpg 540w\" sizes=\"auto, (max-width: 570px) 100vw, 570px\" \/>\t\t<\/a>\r\n                \t\t\t<\/div><!-- Featured Image -->\r\n        <!-- Entry Title -->\r\n        <div class=\"entry-title\">\r\n        \t\r\n\t<h4>\r\n\t        \t<a href=\"https:\/\/dekra-kosovo.com\/en\/telegrafi-com-akademia-qe-po-u-hap-dyert-infermiereve-te-kosoves-per-te-punuar-ne-gjermani\/\" title=\"Permalink to Telegrafi.com: Akademia q\u00eb po u hap dyert Infermier\u00ebve t\u00eb Kosov\u00ebs p\u00ebr t\u00eb punuar n\u00eb Gjermani\">Telegrafi.com: The academy that is opening its doors to Kosovo Nurses to work in Germany<\/a>\r\n\t<\/h4>        <\/div><!-- Entry Title --><\/article><\/div><div class=\"column dt-sc-one-third dt-sc-post-entry entry-grid-layout dt-sc-boxed-style  dt-sc-default-hover dt-sc-default-overlay alignnone\"><article id=\"post-20451\" class=\"blog-entry format-standard post-20451 post type-post status-publish has-post-thumbnail hentry category-jobs\">\t\t\t<!-- Featured Image -->\r\n\t\t\t<div class=\"entry-thumb\">\r\n\t\t\t\t\t\t<a href=\"https:\/\/dekra-kosovo.com\/en\/pasditen-me-dekra-akademie-ne-rtv21\/\" title=\"Permalink to Pasditen me DEKRA Akademie n\u00eb RTV21\">\r\n\t\t\t<img loading=\"lazy\" decoding=\"async\" width=\"570\" height=\"380\" src=\"https:\/\/dekra-kosovo.com\/wp-content\/uploads\/Screenshot-2021-08-16-154012-570x380.png\" class=\"attachment-elearni-blog-iii-column size-elearni-blog-iii-column wp-post-image\" alt=\"\" srcset=\"https:\/\/dekra-kosovo.com\/wp-content\/uploads\/Screenshot-2021-08-16-154012-570x380.png 570w, https:\/\/dekra-kosovo.com\/wp-content\/uploads\/Screenshot-2021-08-16-154012-750x500.png 750w, https:\/\/dekra-kosovo.com\/wp-content\/uploads\/Screenshot-2021-08-16-154012-600x400.png 600w\" sizes=\"auto, (max-width: 570px) 100vw, 570px\" \/>\t\t<\/a>\r\n                \t\t\t<\/div><!-- Featured Image -->\r\n        <!-- Entry Title -->\r\n        <div class=\"entry-title\">\r\n        \t\r\n\t<h4>\r\n\t        \t<a href=\"https:\/\/dekra-kosovo.com\/en\/pasditen-me-dekra-akademie-ne-rtv21\/\" title=\"Permalink to Pasditen me DEKRA Akademie n\u00eb RTV21\">An afternoon with DEKRA Akademie \nat RTV21<\/a>\r\n\t<\/h4>        <\/div><!-- Entry Title --><\/article><\/div><div class=\"column dt-sc-one-third dt-sc-post-entry entry-grid-layout dt-sc-boxed-style  dt-sc-default-hover dt-sc-default-overlay alignnone\"><article id=\"post-20429\" class=\"blog-entry format-standard post-20429 post type-post status-publish has-post-thumbnail hentry category-jobs category-students sticky\">\t\t\t<!-- Featured Image -->\r\n\t\t\t<div class=\"entry-thumb\">\r\n\t\t\t\t\t\t<a href=\"https:\/\/dekra-kosovo.com\/en\/pershendetje-nga-greqia\/\" title=\"Permalink to P\u00ebrsh\u00ebndetje nga Greqia!\">\r\n\t\t\t<img loading=\"lazy\" decoding=\"async\" width=\"570\" height=\"380\" src=\"https:\/\/dekra-kosovo.com\/wp-content\/uploads\/4-1-570x380.jpg\" class=\"attachment-elearni-blog-iii-column size-elearni-blog-iii-column wp-post-image\" alt=\"\" srcset=\"https:\/\/dekra-kosovo.com\/wp-content\/uploads\/4-1-570x380.jpg 570w, https:\/\/dekra-kosovo.com\/wp-content\/uploads\/4-1-960x640.jpg 960w, https:\/\/dekra-kosovo.com\/wp-content\/uploads\/4-1-750x500.jpg 750w, https:\/\/dekra-kosovo.com\/wp-content\/uploads\/4-1-600x400.jpg 600w\" sizes=\"auto, (max-width: 570px) 100vw, 570px\" \/>\t\t<\/a>\r\n                \t\t\t<\/div><!-- Featured Image -->\r\n        <!-- Entry Title -->\r\n        <div class=\"entry-title\">\r\n        \t\r\n\t<h4>\r\n\t    <span class=\"sticky-post\"><i class=\"fas fa-star\"><\/i><span>Featured<\/span><\/span>    \t<a href=\"https:\/\/dekra-kosovo.com\/en\/pershendetje-nga-greqia\/\" title=\"Permalink to P\u00ebrsh\u00ebndetje nga Greqia!\">Hello from Greece!<\/a>\r\n\t<\/h4>        <\/div><!-- Entry Title --><\/article><\/div><div class=\"column dt-sc-one-third dt-sc-post-entry entry-grid-layout dt-sc-boxed-style  dt-sc-default-hover dt-sc-default-overlay alignnone first\"><article id=\"post-20401\" class=\"blog-entry format-standard post-20401 post type-post status-publish has-post-thumbnail hentry category-kulture category-uncategorized-en\">\t\t\t<!-- Featured Image -->\r\n\t\t\t<div class=\"entry-thumb\">\r\n\t\t\t\t\t\t<a href=\"https:\/\/dekra-kosovo.com\/en\/dekra-akdemie-sponsor-i-doku-fest\/\" title=\"Permalink to DEKRA Akdemie sponsor i Doku Fest\">\r\n\t\t\t<img loading=\"lazy\" decoding=\"async\" width=\"570\" height=\"380\" src=\"https:\/\/dekra-kosovo.com\/wp-content\/uploads\/1-3-570x380.jpg\" class=\"attachment-elearni-blog-iii-column size-elearni-blog-iii-column wp-post-image\" alt=\"\" srcset=\"https:\/\/dekra-kosovo.com\/wp-content\/uploads\/1-3-570x380.jpg 570w, https:\/\/dekra-kosovo.com\/wp-content\/uploads\/1-3-18x12.jpg 18w, https:\/\/dekra-kosovo.com\/wp-content\/uploads\/1-3-960x640.jpg 960w, https:\/\/dekra-kosovo.com\/wp-content\/uploads\/1-3-750x500.jpg 750w, https:\/\/dekra-kosovo.com\/wp-content\/uploads\/1-3-600x400.jpg 600w\" sizes=\"auto, (max-width: 570px) 100vw, 570px\" \/>\t\t<\/a>\r\n                \t\t\t<\/div><!-- Featured Image -->\r\n        <!-- Entry Title -->\r\n        <div class=\"entry-title\">\r\n        \t\r\n\t<h4>\r\n\t        \t<a href=\"https:\/\/dekra-kosovo.com\/en\/dekra-akdemie-sponsor-i-doku-fest\/\" title=\"Permalink to DEKRA Akdemie sponsor i Doku Fest\">DEKRA Akdemie proud sponsor of Doku Fest<\/a>\r\n\t<\/h4>        <\/div><!-- Entry Title --><\/article><\/div><\/div><div class=\"pagination blog-pagination\"><div class=\"column one pager_wrapper\"><ul class='page-numbers'>\n\t<li><span aria-current=\"page\" class=\"page-numbers current\">1<\/span><\/li>\n\t<li><a class=\"page-numbers\" href=\"https:\/\/dekra-kosovo.com\/en\/wp-json\/wp\/v2\/pages\/12043\/page\/2\/\">2<\/a><\/li>\n\t<li><a class=\"next page-numbers\" href=\"https:\/\/dekra-kosovo.com\/en\/wp-json\/wp\/v2\/pages\/12043\/page\/2\/\">Next<i class=\"fas fa-angle-double-right\"><\/i><\/a><\/li>\n<\/ul>\n<\/div>\n<\/div><\/div><div id=\"1545904740275-1deda83c-b600\" class=\"dt-sc-empty-space\"><\/div><\/div><\/div><\/div><\/div><div  data-delay=\"0\" data-vc-full-width=\"true\" data-vc-full-width-init=\"false\" class=\"vc_row wpb_row vc_row-fluid vc_custom_1544520991156 vc_row-has-fill\"><div class=\"aligncenter wpb_column vc_column_container vc_col-sm-12\" data-delay=\"0\"><div class=\"vc_column-inner\"><div class=\"wpb_wrapper\"><div id=\"1544504430139-4b3cb3e1-bb9c\" class=\"dt-sc-empty-space\"><\/div><h2 class=\"default-title bigger-font  wpb_animate_when_almost_visible wpb_top-to-bottom top-to-bottom\" data-delay='150'>Start a Journey. Enroll Now<\/h2><p style=\"text-align: center\" class=\"vc_custom_heading title_uppercase wpb_animate_when_almost_visible wpb_fadeIn fadeIn\" >Learn Something wherever you are<\/p><div id=\"1544504465971-e1117c58-febd\" class=\"dt-sc-empty-space\"><\/div><a href='#' target='_self' title='' class='dt-sc-button   medium     wpb_animate_when_almost_visible wpb_bounceInUp bounceInUp gradient-button md-size' data-delay='150' > Join a Course Now <\/a><div id=\"1544504511210-53830127-b479\" class=\"dt-sc-empty-space\"><\/div><\/div><\/div><\/div><\/div><div class=\"vc_row-full-width vc_clearfix\"><\/div>\n<\/div>","protected":false},"excerpt":{"rendered":"N\u00eb p\u00ebrvjetorin e saj, DEKRA Akademie n\u00eb Kosov\u00eb ka vendosur t\u00eb sponsorizoj\u00eb Doku Fest-in, Festivalin Nd\u00ebrkomb\u00ebtar t\u00eb Filmit Dokumentar dhe t\u00eb Shkurt\u00ebr q\u00eb organizohet n\u00eb Prizren p\u00ebr m\u00eb shum\u00eb se 20 vjet. Festivali u mbajt nga 6 - 14 Gusht n\u00eb nj\u00eb format hibrid: fizik dhe online. N\u00eb k\u00ebt\u00eb edicion special, festivali shfaqi filmat e [...]","protected":false},"author":3,"featured_media":0,"parent":0,"menu_order":0,"comment_status":"closed","ping_status":"closed","template":"","meta":{"footnotes":""},"class_list":["post-12043","page","type-page","status-publish","hentry"],"_links":{"self":[{"href":"https:\/\/dekra-kosovo.com\/en\/wp-json\/wp\/v2\/pages\/12043","targetHints":{"allow":["GET"]}}],"collection":[{"href":"https:\/\/dekra-kosovo.com\/en\/wp-json\/wp\/v2\/pages"}],"about":[{"href":"https:\/\/dekra-kosovo.com\/en\/wp-json\/wp\/v2\/types\/page"}],"author":[{"embeddable":true,"href":"https:\/\/dekra-kosovo.com\/en\/wp-json\/wp\/v2\/users\/3"}],"replies":[{"embeddable":true,"href":"https:\/\/dekra-kosovo.com\/en\/wp-json\/wp\/v2\/comments?post=12043"}],"version-history":[{"count":1,"href":"https:\/\/dekra-kosovo.com\/en\/wp-json\/wp\/v2\/pages\/12043\/revisions"}],"predecessor-version":[{"id":20560,"href":"https:\/\/dekra-kosovo.com\/en\/wp-json\/wp\/v2\/pages\/12043\/revisions\/20560"}],"wp:attachment":[{"href":"https:\/\/dekra-kosovo.com\/en\/wp-json\/wp\/v2\/media?parent=12043"}],"curies":[{"name":"wp","href":"https:\/\/api.w.org\/{rel}","templated":true}]}}