
{"id":18719,"date":"2019-01-29T10:56:14","date_gmt":"2019-01-29T10:56:14","guid":{"rendered":"https:\/\/maro1.maro.agency\/?page_id=18719"},"modified":"2023-08-09T13:54:39","modified_gmt":"2023-08-09T13:54:39","slug":"privatesia","status":"publish","type":"page","link":"https:\/\/dekra-kosovo.com\/en\/privatesia\/","title":{"rendered":"Privat\u00ebsia"},"content":{"rendered":"<div class=\"wpb-content-wrapper\"><div  data-delay=\"0\" class=\"vc_row wpb_row vc_row-fluid\"><div class=\"wpb_column vc_column_container vc_col-sm-12\" data-delay=\"0\"><div class=\"vc_column-inner\"><div class=\"wpb_wrapper\">\n<div class=\"wpcf7 no-js\" id=\"wpcf7-f20593-o1\" lang=\"sq\" dir=\"ltr\" data-wpcf7-id=\"20593\">\n<div class=\"screen-reader-response\"><p role=\"status\" aria-live=\"polite\" aria-atomic=\"true\"><\/p> <ul><\/ul><\/div>\n<form action=\"\/en\/wp-json\/wp\/v2\/pages\/18719#wpcf7-f20593-o1\" method=\"post\" class=\"wpcf7-form init\" aria-label=\"Formular kontaktesh\" novalidate=\"novalidate\" data-status=\"init\" data-trp-original-action=\"\/en\/wp-json\/wp\/v2\/pages\/18719#wpcf7-f20593-o1\">\n<fieldset class=\"hidden-fields-container\"><input type=\"hidden\" name=\"_wpcf7\" value=\"20593\" \/><input type=\"hidden\" name=\"_wpcf7_version\" value=\"6.1.5\" \/><input type=\"hidden\" name=\"_wpcf7_locale\" value=\"sq\" \/><input type=\"hidden\" name=\"_wpcf7_unit_tag\" value=\"wpcf7-f20593-o1\" \/><input type=\"hidden\" name=\"_wpcf7_container_post\" value=\"0\" \/><input type=\"hidden\" name=\"_wpcf7_posted_data_hash\" value=\"\" \/>\n<\/fieldset>\n<h1>Njoftim mbi Ruajtjen e Privat\u00ebsis\u00eb\n<\/h1>\n<p>Ky njoftim mbi ruajtjen e privat\u00ebsis\u00eb suaj ju tregon se \u00e7far\u00eb duhet t\u00eb prisni kur DEKRA Akademie sh.p.k. t\u00eb mbledh\u00eb t\u00eb dh\u00ebnat tuaja personale. Kjo vlen p\u00ebr informacionin e mbledhur n\u00eb lidhje me:\n<\/p>\n<p>&#8226; klient\u00ebt;\n<\/p>\n<p>&#8226; pun\u00ebmarr\u00ebsit dhe ish-pun\u00ebmarr\u00ebsit;\n<\/p>\n<p>&#8226; kandidat\u00ebt p\u00ebr pun\u00ebsim;\n<\/p>\n<p>&#8226; vizitor\u00ebt n\u00eb faqen ton\u00eb;\n<\/p>\n<p>&#8226; individ\u00ebt e tjer\u00eb t\u00eb cil\u00ebt paraqesin k\u00ebrkesa t\u00eb ndryshme p\u00ebr marrje informacioni.\n<\/p>\n<p><!DOCTYPE html>\n<\/p>\n<html>\n\t<head>\n\t\t<title>P\u00ebrpunimi i t\u00eb Dh\u00ebnave Personale\n\t\t<\/title>\n\t<\/head>\n\t<body>\n\t\t<h1>P\u00ebrpunimi i t\u00eb Dh\u00ebnave Personale\n\t\t<\/h1>\n\t\t<p>DEKRA Akademie sh.p.k. garanton sistem t\u00eb lart\u00eb sigurie p\u00ebr ruajtjen dhe p\u00ebrpunimin e m\u00ebtejsh\u00ebm t\u00eb k\u00ebtyre t\u00eb dh\u00ebnave, n\u00eb p\u00ebrputhje t\u00eb plot\u00eb me parashikimet e Ligjit nr. 9887, dat\u00eb 10.3.2008 \"P\u00ebr mbrojtjen e t\u00eb dh\u00ebnave personale\", t\u00eb ndryshuar.\n\t\t<\/p>\n\t\t<p>N\u00eb faqen zyrtare t\u00eb DEKRA Akademie sh.p.k., <a href=\"http:\/\/www.dekra.al\">www.dekra.al<\/a>, n\u00eb rubrik\u00ebn \"Regjistrohu\" k\u00ebrkohet nga p\u00ebrdoruesi t\u00eb plot\u00ebsohen disa t\u00eb dh\u00ebna personale. Me plot\u00ebsimin online, p\u00ebrdoruesi deklaron se jep p\u00eblqimin e tij p\u00ebr p\u00ebrpunimin e m\u00ebtejsh\u00ebm t\u00eb informacionit t\u00eb dh\u00ebn\u00eb, me q\u00ebllim marrjen e sh\u00ebrbimit nga DEKRA Akademie sh.p.k.\n\t\t<\/p>\n\t\t<p>T\u00eb dh\u00ebnat jepen vet\u00ebm p\u00ebr faqen dhe jo p\u00ebr faqe t\u00eb tjera t\u00eb cilat vizitohen nga p\u00ebrdoruesi n\u00ebp\u00ebrmjet lidhjeve t\u00eb tjera.\n\t\t<\/p>\n\t\t<p>Pala p\u00ebrgjegj\u00ebse p\u00ebr trajtimin e t\u00eb dh\u00ebnave personale \u00ebsht\u00eb DEKRA Akademie sh.p.k., me adres\u00eb Rruga Bardhok Biba, Pallati Trema, Shkalla A, Kati 3, 1016, Tiran\u00eb.\n\t\t<\/p>\n\t\t<h2>P\u00ebrpunimi i t\u00eb Dh\u00ebnave Personale\n\t\t<\/h2>\n\t\t<p>P\u00ebrpunimi i t\u00eb dh\u00ebnave personale n\u00eb lidhje me sh\u00ebrbimet q\u00eb ofrohen n\u00ebp\u00ebrmjet internetit nga kjo faqe menaxhohet nga stafi i zyr\u00ebs p\u00ebrgjegj\u00ebse p\u00ebr p\u00ebrpunimin e t\u00eb dh\u00ebnave. Asnj\u00eb informacion q\u00eb rezulton nga sh\u00ebrbimi n\u00ebp\u00ebrmjet internetit nuk komunikohet ose shp\u00ebrndahet, p\u00ebrve\u00e7 rasteve kur informacioni k\u00ebrkohet nga organet kompetente q\u00eb e fitojn\u00eb k\u00ebt\u00eb t\u00eb drejt\u00eb me ligj t\u00eb ve\u00e7ant\u00eb duke respektuar k\u00ebrkesat e ligjit.\n\t\t<\/p>\n\t\t<p>T\u00eb dh\u00ebnat personale q\u00eb japin p\u00ebrdoruesit, p\u00ebrdoren vet\u00ebm p\u00ebr q\u00ebllimin e ofrimit t\u00eb sh\u00ebrbimit ose p\u00ebr plot\u00ebsimin e k\u00ebrkes\u00ebs dhe i komunikohen ofruesit t\u00eb sh\u00ebrbimit dhe pal\u00ebve t\u00eb treta, vet\u00ebm n\u00ebse nevojiten p\u00ebr k\u00ebt\u00eb q\u00ebllim, duke respektuar k\u00ebrkesat e ligjit.\n\t\t<\/p>\n\t\t<p>Pun\u00ebmarr\u00ebsit e DEKRA Akademie sh.p.k. i n\u00ebnshtrohen detyrimit p\u00ebr t\u00eb ruajtur konfidencialitetin e informacionit, i cili i jepet k\u00ebtij t\u00eb fundit p\u00ebr t\u00eb ushtruar funksionet e tij n\u00eb baz\u00eb Ligjit dhe mund t'ua p\u00ebrhap\u00eb at\u00eb vet\u00ebm autoriteteve t\u00eb ligjshme. DEKRA Akademie sh.p.k. vler\u00ebson integritetin e tyre p\u00ebrpara se ata t\u00eb pun\u00ebsohen, si dhe monitoron pajtueshm\u00ebrin\u00eb e tyre mbi detyrimet n\u00eb lidhje me sigurin\u00eb e informacionit. DEKRA Akademie sh.p.k. i ofron udh\u00ebzime dhe trajnime stafit t\u00eb saj p\u00ebr t'i mund\u00ebsuar t\u00eb kuptoj\u00eb dhe t\u00eb zbatoj\u00eb p\u00ebrgjegj\u00ebsit\u00eb n\u00eb respektimin e siguris\u00eb s\u00eb informacionit.\n\t\t<\/p>\n\t\t<h2>Kategorit\u00eb e Subjekteve t\u00eb T\u00eb Dh\u00ebnave q\u00eb P\u00ebrpunohen\n\t\t<\/h2>\n\t\t<p>DEKRA Akademie sh.p.k. p\u00ebrdor t\u00eb dh\u00ebnat personale t\u00eb kategorive t\u00eb subjekteve t\u00eb t\u00eb dh\u00ebnave personale t\u00eb p\u00ebrcaktuara n\u00eb k\u00ebt\u00eb Politik\u00eb dhe i mban ato me q\u00ebllim q\u00eb t\u00eb ofroj\u00eb sh\u00ebrbimin ndaj subjektit t\u00eb t\u00eb dh\u00ebnave. Kjo faqe nuk p\u00ebrfshin lidhjet midis k\u00ebsaj faqeje dhe faqeve t\u00eb tjera. DEKRA Ak\n\t\t<\/p>\n\t\t<h1>M\u00ebnyra e P\u00ebrpunimit t\u00eb T\u00eb Dh\u00ebnave Personale\n\t\t<\/h1>\n\t\t<p>DEKRA Akademie sh.p.k. garanton secilin p\u00ebrdorues se pas dor\u00ebzimit t\u00eb informacionit dhe t\u00eb t\u00eb dh\u00ebnave n\u00eb serverin e faqes s\u00eb internetit t\u00eb saj, zbatohet nj\u00eb sistem me standard t\u00eb lart\u00eb sigurie p\u00ebr ruajtjen dhe p\u00ebrpunimin e m\u00ebtejsh\u00ebm t\u00eb k\u00ebtyre t\u00eb dh\u00ebnave, n\u00eb p\u00ebrputhje me k\u00ebrkesat e parashikuara n\u00eb Ligjin nr. 9887, dat\u00eb 10.3.2008 \"P\u00ebr mbrojtjen e t\u00eb dh\u00ebnave personale\", t\u00eb ndryshuar, si dhe akteve n\u00ebnligjore t\u00eb dala n\u00eb zbatim t\u00eb tij. K\u00ebto t\u00eb dh\u00ebna nuk merren p\u00ebr t\u00eb vendosur lidhje me pal\u00ebt e identifikuara, por sipas natyr\u00ebs s\u00eb tyre, n\u00ebp\u00ebrmjet p\u00ebrpunimit ose lidhjes me informacionin dhe t\u00eb dh\u00ebnat e pal\u00ebve t\u00eb treta, ato mund\u00ebsojn\u00eb identifikimin e p\u00ebrdoruesve.\n\t\t<\/p>\n\t\t<p>P\u00ebr individ\u00ebt q\u00eb jan\u00eb t\u00eb pun\u00ebsuar pran\u00eb DEKRA Akademie sh.p.k. mbahen t\u00eb dh\u00ebna personale, q\u00eb jan\u00eb t\u00eb nevojshme vet\u00ebm p\u00ebr q\u00ebllimin e pun\u00ebsimit. K\u00ebto t\u00eb dh\u00ebna mbahen n\u00eb vende t\u00eb sigurta, n\u00eb sisteme kompjuterike, n\u00eb p\u00ebrputhje me legjislacionin n\u00eb fuqi dhe rregullat tona t\u00eb brendshme. Kur nj\u00eb pun\u00ebmarr\u00ebs p\u00ebrfundon marr\u00ebdh\u00ebnien e pun\u00ebs me DEKRA Akademie sh.p.k., p\u00ebrgatitet nj\u00eb dosje n\u00eb lidhje me periudh\u00ebn gjat\u00eb s\u00eb cil\u00ebs ai ka qen\u00eb i pun\u00ebsuar. T\u00eb dh\u00ebnat e p\u00ebrfshira n\u00eb t\u00eb mbahen t\u00eb sigurta dhe p\u00ebrdoren vet\u00ebm p\u00ebr q\u00ebllime me r\u00ebnd\u00ebsi t\u00eb drejtp\u00ebrdrejt\u00eb mbi pun\u00ebsimin e personit deri n\u00eb p\u00ebrfundimin e afatit t\u00eb p\u00ebrcaktuar me ligj dhe me rregullat e brendshme.\n\t\t<\/p>\n\t\t<h2>M\u00ebnyrat e P\u00ebrpunimit t\u00eb T\u00eb Dh\u00ebnave Personale\n\t\t<\/h2>\n\t\t<p>T\u00eb dh\u00ebnat personale t\u00eb subjekteve p\u00ebrpunohen n\u00eb m\u00ebnyr\u00eb elektronike dhe manuale n\u00eb p\u00ebrputhje t\u00eb plot\u00eb me masat e siguris\u00eb t\u00eb p\u00ebrcaktuara n\u00eb dispozitat e Ligjit nr. 9887, dat\u00eb 10.3.2008 \"P\u00ebr mbrojtjen e t\u00eb dh\u00ebnave personale\", t\u00eb ndryshuar.\n\t\t<\/p>\n\t\t<p>DEKRA Akademie sh.p.k. mbron t\u00eb dh\u00ebnat n\u00eb ambiente dhe sisteme t\u00eb sigurta, p\u00ebrve\u00e7 rasteve kur legjislacioni n\u00eb fuqi e parashikon ndryshe.\n\t\t<\/p>\n\t\t<h2>Aksesi n\u00eb T\u00eb Dh\u00ebnat Personale\n\t\t<\/h2>\n\t\t<p>DEKRA Akademie sh.p.k. p\u00ebrpiqet t\u00eb jet\u00eb sa m\u00eb e hapur p\u00ebr t'i dh\u00ebn\u00eb individ\u00ebve akses n\u00eb t\u00eb dh\u00ebnat e tyre personale. Individ\u00ebt mund t\u00eb zbulojn\u00eb n\u00ebse ne mbajm\u00eb ndonj\u00eb t\u00eb dh\u00ebn\u00eb personale, duke na d\u00ebrguar nj\u00eb \"K\u00ebrkes\u00eb p\u00ebr akses tek t\u00eb dh\u00ebnat personale\" dhe n\u00eb baz\u00eb t\u00eb Ligjit nr. 9887, dat\u00eb 10.3.2008 \"P\u00ebr mbrojtjen e t\u00eb dh\u00ebnave personale\", t\u00eb ndryshuar, brenda nj\u00eb afati prej 30 dit\u00ebsh nga data e marrjes s\u00eb k\u00ebrkes\u00ebs, DEKRA Akademie sh.p.k. ju informon mbi t\u00eb dh\u00ebnat tuaja personale ose ju shpjegon arsyen e mosdh\u00ebnies s\u00eb infromacionit.\n\t\t<\/p>\n\t\t<p>T\u00eb Dh\u00ebna Personale - Informacion p\u00ebr P\u00ebrdoruesit<br \/>\n\t\t<\/p>\n\t<\/body>\n\t<body>\n\t\t<h1>T\u00eb Dh\u00ebna Personale - Informacion p\u00ebr P\u00ebrdoruesit\n\t\t<\/h1>\n\t\t<p>N\u00ebse ne mbajm\u00eb t\u00eb dh\u00ebnat tuaja personale, ne do t'ju:\n\t\t<\/p>\n\t\t<p>&#8226; informojm\u00eb se p\u00ebrse i mbajm\u00eb ato;\n\t\t<\/p>\n\t\t<p>&#8226; tregojm\u00eb se tek cili marr\u00ebs mund t'i p\u00ebrhapim k\u00ebto t\u00eb dh\u00ebna;\n\t\t<\/p>\n\t\t<p>&#8226; informojm\u00eb n\u00ebse dh\u00ebnia e t\u00eb dh\u00ebnave personale \u00ebsht\u00eb e detyrueshme apo vullnetare;\n\t\t<\/p>\n\t\t<p>&#8226; japim nj\u00eb p\u00ebrshkrim t\u00eb tyre dhe n\u00ebse \u00ebsht\u00eb e mundur n\u00eb nj\u00eb form\u00eb t\u00eb kuptueshme kopje t\u00eb informacionit.\n\t\t<\/p>\n\t\t<title>K\u00ebrkes\u00eb p\u00ebr t\u00eb Dh\u00ebna Personale\n\t\t<\/title>\n\t\t<h1>K\u00ebrkes\u00eb p\u00ebr t\u00eb Dh\u00ebna Personale\n\t\t<\/h1>\n\t\t<p>P\u00ebr \u00e7do t\u00eb dh\u00ebn\u00eb personale q\u00eb ne mund t\u00eb mbajm\u00eb, si dhe mbi \u00e7do t\u00eb drejt\u00eb q\u00eb ju n\u00eb cil\u00ebsin\u00eb e subjektit t\u00eb t\u00eb dh\u00ebnave g\u00ebzoni n\u00eb p\u00ebrputhje me Ligjin nr. 9887, dat\u00eb 10.3.2008 \"P\u00ebr mbrojtjen e t\u00eb dh\u00ebnave personale\", t\u00eb ndryshuar, \u00ebsht\u00eb e nevojshme t\u00eb b\u00ebni nj\u00eb k\u00ebrkes\u00eb me shkrim drejtuar DEKRA Akademie sh.p.k. ose t\u00eb na e d\u00ebrgoni n\u00eb adres\u00ebn: <a href=\"mailto:dpo.al@dekra.com\">dpo.al@dekra.com<\/a>.\n\t\t<\/p>\n\t\t<p>P\u00ebr informacionin q\u00eb ne mund t\u00eb disponojm\u00eb n\u00eb lidhje me ju, mund t\u00eb na k\u00ebrkoni t\u00eb korrigjojm\u00eb gabimet n\u00eb t\u00eb, n\u00ebse ka, duke shkruar n\u00eb t\u00eb nj\u00ebjt\u00ebn adres\u00eb: <a href=\"mailto:dpo.al@dekra.com\">dpo.al@dekra.com<\/a>.\n\t\t<\/p>\n\t\t<h1>Politika e Privat\u00ebsis\u00eb\n\t\t<\/h1>\n\t\t<p><strong>T\u00cb DREJTAT E SUBJEKTIT T\u00cb T\u00cb DH\u00cbNAVE PERSONALE<\/strong>\n\t\t<\/p>\n\t\t<p>Individ\u00ebt, t\u00eb dh\u00ebnat personale t\u00eb t\u00eb cil\u00ebve p\u00ebrpunohen, kan\u00eb t\u00eb drejt\u00eb q\u00eb, n\u00eb baz\u00eb t\u00eb Ligjit nr. 9887, dat\u00eb 10.3.2008 \"P\u00ebr mbrojtjen e t\u00eb dh\u00ebnave personale\", t\u00eb ndryshuar, t\u00eb marrin n\u00eb \u00e7do koh\u00eb konfirmimin p\u00ebr ekzistenc\u00ebn ose jo t\u00eb t\u00eb dh\u00ebnave personale dhe t\u00eb din\u00eb p\u00ebrmbajtjen dhe burimin e tyre, t\u00eb verifikojn\u00eb sakt\u00ebsin\u00eb, p\u00ebrdit\u00ebsimin, korrigjimin ose fshirjen, t\u00eb k\u00ebrkojn\u00eb informacion p\u00ebr q\u00ebllimin e p\u00ebrpunimit, p\u00ebr kategorit\u00eb e t\u00eb dh\u00ebnave personale t\u00eb p\u00ebrpunuara, transformimin n\u00eb m\u00ebnyr\u00eb anonime ose bllokimin e informacionit dhe t\u00eb dh\u00ebnave q\u00eb trajtohen n\u00eb kund\u00ebrshtim me ligjin, si dhe n\u00eb \u00e7do rast t\u00eb kund\u00ebrshtojn\u00eb, p\u00ebr arsye t\u00eb ligjshme, trajtimin e tyre.\n\t\t<\/p>\n\t\t<p><strong>SIGURIA E T\u00cb DH\u00cbNAVE PERSONALE Q\u00cb P\u00cbRPUNOHEN<\/strong>\n\t\t<\/p>\n\t\t<p>DEKRA Akademie sh.p.k. p\u00ebrpunon t\u00eb dh\u00ebnat personale t\u00eb kategorive t\u00eb subjekteve t\u00eb t\u00eb dh\u00ebnave personale me q\u00ebllim kryerjen e veprimtaris\u00eb s\u00eb saj n\u00eb p\u00ebrputhje me legjislacionin n\u00eb fuqi dhe rregullat e brendshme.\n\t\t<\/p>\n\t\t<p>DEKRA Akademie sh.p.k. \u00ebsht\u00eb e angazhuar p\u00ebr t\u00eb siguruar p\u00ebrdorimin e informacionit me q\u00ebllim ruajtjen e integritetit dhe konfidencialitetit t\u00eb informacionit n\u00ebn kontrollin e saj, si dhe mbrojtjen nga p\u00ebrdorimi i paautorizuar, ndryshimi, zbulimi apo shkat\u00ebrrimi, qoft\u00eb aksidental ose i q\u00ebllimsh\u00ebm.\n\t\t<\/p>\n\t\t<p>DEKRA Akademie sh.p.k. p\u00ebrdor nj\u00eb qasje t\u00eb bazuar n\u00eb risk, gjat\u00eb vler\u00ebsimit dhe t\u00eb kuptuarit t\u00eb rreziqeve, si dhe p\u00ebrdor t\u00eb gjitha mjetet fizike t\u00eb personelit, teknike dhe procedurale p\u00ebr t\u00eb arritur masat e duhura t\u00eb siguris\u00eb. DEKRA Akademie sh.p.k. merr parasysh zhvillimet n\u00eb teknologji dhe kostot e zbatimit p\u00ebr t\u00eb arritur nj\u00eb nivel sigurie t\u00eb p\u00ebrshtatsh\u00ebm p\u00ebr natyr\u00ebn e informacionit dhe t\u00eb d\u00ebmit q\u00eb mund t\u00eb rezultoj\u00eb nga nj\u00eb shkelje e mundshme e siguris\u00eb mbi t\u00eb dh\u00ebnat personale.\n\t\t<\/p>\n\t\t<p><strong>Pun\u00ebmarr\u00ebsit e DEKRA Akademie sh.p.k.<\/strong>\n\t\t<\/p>\n\t\t<p>mbajn\u00eb p\u00ebrgjegj\u00ebsi ligjore, civile dhe penale lidhur me garantimin e mbrojtjes s\u00eb t\u00eb dh\u00ebnave personale q\u00eb p\u00ebrpunojn\u00eb, si dhe detyrohen t\u00eb ruajn\u00eb konfidencialitetin e informacionit edhe pas mbarimit t\u00eb funksionit t\u00eb tyre.\n\t\t<\/p>\n\t\t<p>SI T\u00cb NA KONTAKTONI<br \/>\nK\u00ebrkesat p\u00ebr informacion n\u00eb lidhje me Politik\u00ebn ton\u00eb t\u00eb Privat\u00ebsis\u00eb mund t\u00eb d\u00ebrgohen me email n\u00eb adres\u00ebn: <a href=\"mailto:dpo.al@dekra.com\">dpo.al@dekra.com<\/a>.\n\t\t<\/p>\n\t<\/body>\n<\/html><p style=\"display: none !important;\" class=\"akismet-fields-container\" data-prefix=\"_wpcf7_ak_\"><label>&#916;<textarea name=\"_wpcf7_ak_hp_textarea\" cols=\"45\" rows=\"8\" maxlength=\"100\"><\/textarea><\/label><input type=\"hidden\" id=\"ak_js_1\" name=\"_wpcf7_ak_js\" value=\"189\"\/><script>document.getElementById( \"ak_js_1\" ).setAttribute( \"value\", ( new Date() ).getTime() );<\/script><\/p><div class=\"wpcf7-response-output\" aria-hidden=\"true\"><\/div>\n<input type=\"hidden\" name=\"trp-form-language\" value=\"en\"\/><\/form>\n<\/div>\n<\/div><\/div><\/div><\/div><div  data-delay=\"0\" class=\"vc_row wpb_row vc_row-fluid\"><div class=\"wpb_column vc_column_container vc_col-sm-12\" data-delay=\"0\"><div class=\"vc_column-inner\"><div class=\"wpb_wrapper\">\n<div class=\"wpcf7 no-js\" id=\"wpcf7-f20586-o2\" lang=\"sq\" dir=\"ltr\" data-wpcf7-id=\"20586\">\n<div class=\"screen-reader-response\"><p role=\"status\" aria-live=\"polite\" aria-atomic=\"true\"><\/p> <ul><\/ul><\/div>\n<form action=\"\/en\/wp-json\/wp\/v2\/pages\/18719#wpcf7-f20586-o2\" method=\"post\" class=\"wpcf7-form init\" aria-label=\"Formular kontaktesh\" novalidate=\"novalidate\" data-status=\"init\" data-trp-original-action=\"\/en\/wp-json\/wp\/v2\/pages\/18719#wpcf7-f20586-o2\">\n<fieldset class=\"hidden-fields-container\"><input type=\"hidden\" name=\"_wpcf7\" value=\"20586\" \/><input type=\"hidden\" name=\"_wpcf7_version\" value=\"6.1.5\" \/><input type=\"hidden\" name=\"_wpcf7_locale\" value=\"sq\" \/><input type=\"hidden\" name=\"_wpcf7_unit_tag\" value=\"wpcf7-f20586-o2\" \/><input type=\"hidden\" name=\"_wpcf7_container_post\" value=\"0\" \/><input type=\"hidden\" name=\"_wpcf7_posted_data_hash\" value=\"\" \/>\n<\/fieldset>\n<head>\n\t<title>Kushtet e P\u00ebrdorimit\n\t<\/title>\n<\/head>\n<body>\n\t<h1>Kushtet e P\u00ebrdorimit\n\t<\/h1>\n\t<p>KUSHTET E P\u00cbRDORIMIT DEKRA Akademie sh.p.k., me q\u00ebllim dh\u00ebnien e informacioneve q\u00eb lidhen me aktivitetin e saj t\u00eb formimit profesional, p\u00ebrdor k\u00ebt\u00eb faqe interneti: <a href=\"http:\/\/www.dekra.al\">www.dekra.al<\/a>. DEKRA Akademie sh.p.k. synon q\u00eb informacioni i publikuar n\u00eb faqen e internetit t\u00eb jet\u00eb i plot\u00eb dhe i p\u00ebrdit\u00ebsuar dhe ruan t\u00eb drejt\u00ebn e pron\u00ebsis\u00eb p\u00ebr k\u00ebt\u00eb faqe interneti, si dhe p\u00ebr materialet e publikuara n\u00eb t\u00eb. P\u00ebrdorimi i k\u00ebsaj faqeje interneti n\u00ebnkupton pranimin e Kushteve t\u00eb P\u00ebrdorimit, t\u00eb cilat lexohen s\u00eb bashku me Politik\u00ebn e Privat\u00ebsis\u00eb dhe jan\u00eb t\u00eb aplikueshme n\u00eb t\u00eb gjith\u00eb p\u00ebrmbajtjen e faqes. N\u00eb rast se vizitori\/ p\u00ebrdoruesi i internetit nuk \u00ebsht\u00eb dakord me ndonj\u00eb pjes\u00eb t\u00eb k\u00ebtyre Kushteve, vizitori\/ p\u00ebrdoruesi duhet t\u00eb dal\u00eb nga kjo faqe interneti dhe t\u00eb mos b\u00ebj\u00eb asnj\u00eb p\u00ebrdorim t\u00eb m\u00ebtejsh\u00ebm t\u00eb saj. Ne d\u00ebshirojm\u00eb t'ju inkurajojm\u00eb t\u00eb lexoni me kujdes kushtet e p\u00ebrdorimit p\u00ebrpara p\u00ebrdorimit t\u00eb k\u00ebsaj faqe interneti. Ju nuk duhet t\u00eb p\u00ebrdorni k\u00ebt\u00eb faqe n\u00eb ndonj\u00eb m\u00ebnyr\u00eb q\u00eb mund t'i sjell\u00eb d\u00ebme faqes son\u00eb ose n\u00eb asnj\u00eb m\u00ebnyr\u00eb tjet\u00ebr e cila mund t\u00eb jet\u00eb e d\u00ebmshme, e jasht\u00ebligjshme apo t\u00eb p\u00ebrb\u00ebj\u00eb mashtrim.\n\t<\/p>\n<\/body><p style=\"display: none !important;\" class=\"akismet-fields-container\" data-prefix=\"_wpcf7_ak_\"><label>&#916;<textarea name=\"_wpcf7_ak_hp_textarea\" cols=\"45\" rows=\"8\" maxlength=\"100\"><\/textarea><\/label><input type=\"hidden\" id=\"ak_js_2\" name=\"_wpcf7_ak_js\" value=\"20\"\/><script>document.getElementById( \"ak_js_2\" ).setAttribute( \"value\", ( new Date() ).getTime() );<\/script><\/p><div class=\"wpcf7-response-output\" aria-hidden=\"true\"><\/div>\n<input type=\"hidden\" name=\"trp-form-language\" value=\"en\"\/><\/form>\n<\/div>\n<\/div><\/div><\/div><\/div>\n<\/div>","protected":false},"excerpt":{"rendered":"Njoftim mbi Ruajtjen e Privat\u00ebsis\u00eb Ky njoftim mbi ruajtjen e privat\u00ebsis\u00eb suaj ju tregon se \u00e7far\u00eb duhet t\u00eb prisni kur DEKRA Akademie sh.p.k. t\u00eb mbledh\u00eb t\u00eb dh\u00ebnat tuaja personale. Kjo vlen p\u00ebr informacionin e mbledhur n\u00eb lidhje me: &#8226; klient\u00ebt; &#8226; pun\u00ebmarr\u00ebsit dhe ish-pun\u00ebmarr\u00ebsit; &#8226; kandidat\u00ebt p\u00ebr pun\u00ebsim; &#8226; vizitor\u00ebt n\u00eb faqen ton\u00eb; &#8226; individ\u00ebt [...]","protected":false},"author":3,"featured_media":0,"parent":0,"menu_order":0,"comment_status":"closed","ping_status":"closed","template":"","meta":{"footnotes":""},"class_list":["post-18719","page","type-page","status-publish","hentry"],"_links":{"self":[{"href":"https:\/\/dekra-kosovo.com\/en\/wp-json\/wp\/v2\/pages\/18719","targetHints":{"allow":["GET"]}}],"collection":[{"href":"https:\/\/dekra-kosovo.com\/en\/wp-json\/wp\/v2\/pages"}],"about":[{"href":"https:\/\/dekra-kosovo.com\/en\/wp-json\/wp\/v2\/types\/page"}],"author":[{"embeddable":true,"href":"https:\/\/dekra-kosovo.com\/en\/wp-json\/wp\/v2\/users\/3"}],"replies":[{"embeddable":true,"href":"https:\/\/dekra-kosovo.com\/en\/wp-json\/wp\/v2\/comments?post=18719"}],"version-history":[{"count":4,"href":"https:\/\/dekra-kosovo.com\/en\/wp-json\/wp\/v2\/pages\/18719\/revisions"}],"predecessor-version":[{"id":20594,"href":"https:\/\/dekra-kosovo.com\/en\/wp-json\/wp\/v2\/pages\/18719\/revisions\/20594"}],"wp:attachment":[{"href":"https:\/\/dekra-kosovo.com\/en\/wp-json\/wp\/v2\/media?parent=18719"}],"curies":[{"name":"wp","href":"https:\/\/api.w.org\/{rel}","templated":true}]}}