
{"id":20678,"date":"2023-09-28T07:52:43","date_gmt":"2023-09-28T07:52:43","guid":{"rendered":"https:\/\/dekra-kosovo.com\/?page_id=20678"},"modified":"2023-10-01T22:54:06","modified_gmt":"2023-10-01T22:54:06","slug":"profesione-te-tjera","status":"publish","type":"page","link":"https:\/\/dekra-kosovo.com\/en\/profesione-te-tjera\/","title":{"rendered":"Regjistrohu p\u00ebr Profesione t\u00eb tjera"},"content":{"rendered":"<div class=\"wpb-content-wrapper\"><div  data-delay=\"0\" class=\"vc_row wpb_row vc_row-fluid\"><div class=\"wpb_column vc_column_container vc_col-sm-12\" data-delay=\"0\"><div class=\"vc_column-inner\"><div class=\"wpb_wrapper\">\r\n\t<div class=\"wpb_text_column wpb_content_element\" >\r\n\t\t<div class=\"wpb_wrapper\">\r\n\t\t\t<p style=\"font-weight: 400;\">N\u00ebse jeni MEKANIK, ELEKTRICIST, SHOFER KAMIONI, IT, EDUKATOR, ose SPECIALIST KONDICIONERI Willkommen n\u00eb DEKRA Akademie.<\/p>\n<p style=\"font-weight: 400;\">Zgjedhja e duhur p\u00ebr pun\u00ebsim t\u00eb shpejt\u00eb dhe t\u00eb sigurt \u00ebsht\u00eb DEKRA Akademie.<\/p>\n\r\n\t\t<\/div>\r\n\t<\/div>\r\n<\/div><\/div><\/div><\/div><div  data-delay=\"0\" class=\"vc_row wpb_row vc_row-fluid\"><div class=\"wpb_column vc_column_container vc_col-sm-12\" data-delay=\"0\"><div class=\"vc_column-inner\"><div class=\"wpb_wrapper\">\n<div class=\"wpcf7 no-js\" id=\"wpcf7-f20677-o1\" lang=\"en-US\" dir=\"ltr\" data-wpcf7-id=\"20677\">\n<div class=\"screen-reader-response\"><p role=\"status\" aria-live=\"polite\" aria-atomic=\"true\"><\/p> <ul><\/ul><\/div>\n<form action=\"\/en\/wp-json\/wp\/v2\/pages\/20678#wpcf7-f20677-o1\" method=\"post\" class=\"wpcf7-form init\" aria-label=\"Contact form\" novalidate=\"novalidate\" data-status=\"init\" data-trp-original-action=\"\/en\/wp-json\/wp\/v2\/pages\/20678#wpcf7-f20677-o1\">\n<fieldset class=\"hidden-fields-container\"><input type=\"hidden\" name=\"_wpcf7\" value=\"20677\" \/><input type=\"hidden\" name=\"_wpcf7_version\" value=\"6.1.5\" \/><input type=\"hidden\" name=\"_wpcf7_locale\" value=\"en_US\" \/><input type=\"hidden\" name=\"_wpcf7_unit_tag\" value=\"wpcf7-f20677-o1\" \/><input type=\"hidden\" name=\"_wpcf7_container_post\" value=\"0\" \/><input type=\"hidden\" name=\"_wpcf7_posted_data_hash\" value=\"\" \/>\n<\/fieldset>\n<p><label for=\"firstname\">Emri:<\/label><br \/>\n<input type=\"text\" id=\"firstname\" name=\"firstname\" \/>\n<\/p>\n<p><label for=\"lastname\">Mbiemri:<\/label><br \/>\n<input type=\"text\" id=\"lastname\" name=\"lastname\" \/>\n<\/p>\n<p><label for=\"birthdate\">Dat\u00eblindja (mm\/dd\/yyyy):<\/label><br \/>\n<input type=\"date\" id=\"birthdate\" name=\"birthdate\" \/>\n<\/p>\n<p><label for=\"birthplace\">V\u00ebndlindja:<\/label><br \/>\n<input type=\"text\" id=\"birthplace\" name=\"birthplace\" \/>\n<\/p>\n<p><label for=\"gender\">Gjinia:<\/label><br \/>\n<select id=\"gender\" name=\"gender\">\n <option value=\"Fem\u00ebr\">Fem\u00ebr<\/option>\n <option value=\"Mashkull\">Mashkull<\/option>\n <\/select>\n<\/p>\n<p><label for=\"maritalStatus\">Gjendja Civile:<\/label><br \/>\n<select id=\"maritalStatus\" name=\"maritalStatus\">\n <option value=\"Beqar\/e\">Beqar\/e<\/option>\n <option value=\"Martuar\">Martuar<\/option>\n <\/select>\n<\/p>\n<p><label for=\"numChildren\">Numri i F\u00ebmij\u00ebve:<\/label><br \/>\n<input type=\"number\" id=\"numChildren\" name=\"numChildren\" \/>\n<\/p>\n<p><label for=\"phoneNumber\">Numri Telefonit:<\/label><br \/>\n<input type=\"tel\" id=\"phoneNumber\" name=\"phoneNumber\" \/>\n<\/p>\n<p><label for=\"email\">Email:<\/label><br \/>\n<input type=\"email\" id=\"email\" name=\"email\" \/>\n<\/p>\n<p><label for=\"profile\">Profil:<\/label><br \/>\n<select id=\"profile\" name=\"profile\">\n <option value=\"IT\">IT<\/option>\n <option value=\"Elektricist\u00eb\">Elektricist\u00eb<\/option>\n <option value=\"Punonj\u00ebs sistemesh ngrohje dhe ftohje\">Punonj\u00ebs sistemesh ngrohje dhe ftohje<\/option>\n <option value=\"Shofer kamioni\">Shofer kamioni<\/option>\n <option value=\"Edukator\">Edukator<\/option>\n <option value=\"Mekanik\">Mekanik<\/option>\n <option value=\"Fizioterapist\">Fizioterapist<\/option>\n \n <\/select>\n<\/p>\n<p><label for=\"educationDegree\">Arsimi:<\/label><br \/>\n<select id=\"educationDegree\" name=\"educationDegree\">\n <option value=\"Bachelor\">Bachelor<\/option>\n <option value=\"Master Profesional\">Master Profesional<\/option>\n <option value=\"Master Shkencor\">Master Shkencor<\/option>\n <option value=\"Shkoll\u00eb e Mesme\">Shkoll\u00eb e Mesme<\/option>\n <\/select>\n<\/p>\n<p><label for=\"workExperience\">P\u00ebrvoj\u00eb pune n\u00eb profesion?:<\/label><br \/>\n<select id=\"workExperience\" name=\"workExperience\">\n <option value=\"Po\">Yes<\/option>\n <option value=\"Jo\">No<\/option>\n <\/select>\n<\/p>\n<p><label for=\"yearsOfWork\">Vitet e pun\u00ebs n\u00eb profesion:<\/label><br \/>\n<input type=\"number\" id=\"yearsOfWork\" name=\"yearsOfWork\" \/>\n<\/p>\n<p><label for=\"institutionName\">Emri i Institucionit:<\/label><br \/>\n<input type=\"text\" id=\"institutionName\" name=\"institutionName\" \/>\n<\/p>\n<p><label for=\"criminalRecord\">D\u00ebshmi Penaliteti e past\u00ebr:<\/label><br \/>\n<select id=\"criminalRecord\" name=\"criminalRecord\">\n <option value=\"Po\">Yes<\/option>\n <option value=\"Jo\">No<\/option>\n <\/select>\n<\/p>\n<p><label for=\"healthCondition\">Vuani nga Diabet Epilepsia:<\/label><br \/>\n<select id=\"healthCondition\" name=\"healthCondition\">\n <option value=\"Po\">Yes<\/option>\n <option value=\"Jo\">No<\/option>\n <\/select>\n<\/p>\n<p><label for=\"asylumRequest\">K\u00ebrkes\u00eb p\u00ebr Azil:<\/label><br \/>\n<select id=\"asylumRequest\" name=\"asylumRequest\">\n <option value=\"Po\">Yes<\/option>\n <option value=\"Jo\">No<\/option>\n <\/select>\n<\/p>\n<p><label for=\"drivingLicense\">Leje Drejtimi Automjeti (patent\u00eb):<\/label><br \/>\n<select id=\"drivingLicense\" name=\"drivingLicense\">\n <option value=\"Po\">Yes<\/option>\n <option value=\"Jo\">No<\/option>\n <\/select>\n<\/p>\n<p><label for=\"courseSchedule\">Orari i kursit:<\/label><br \/>\n<select id=\"courseSchedule\" name=\"courseSchedule\">\n <option value=\"9:00AM-12:00 AM\">9:00AM-12:00 AM<\/option>\n <option value=\"17:00PM-20:00PM\">17:00PM-20:00PM<\/option>\n <option value=\"Flexible (9:00AM-12:00 AM , 17:00PM-20:00PM)\">Flexible (9:00AM-12:00 AM , 17:00PM-20:00PM)<\/option>\n <option value=\"14:00 PM- 17:00 PM\">14:00 PM- 17:00 PM<\/option>\n<\/select><label><br \/>\n<input type=\"checkbox\" name=\"kushtet\" \/> Jap p\u00eblqimin p\u00ebr mbledhjen dhe p\u00ebrpunimin e t\u00eb dh\u00ebnave t\u00eb mia personale nga DEKRA Akademie sh.p.k. n\u00eb p\u00ebrputhje me legjislacionin p\u00ebr mbrojtjen e t\u00eb dh\u00ebnave personale, si dhe bie dakord me Politik\u00ebn e Privat\u00ebsis\u00eb <a href=\"\/en\/www.dekra-kosovo.com\/privatesia\/\">dekra-kosovo.com<\/a>.<br \/>\n<\/label><br \/>\n<input type=\"submit\" value=\"Send\" \/>\n<\/p><p style=\"display: none !important;\" class=\"akismet-fields-container\" data-prefix=\"_wpcf7_ak_\"><label>&#916;<textarea name=\"_wpcf7_ak_hp_textarea\" cols=\"45\" rows=\"8\" maxlength=\"100\"><\/textarea><\/label><input type=\"hidden\" id=\"ak_js_1\" name=\"_wpcf7_ak_js\" value=\"0\"\/><script>document.getElementById( \"ak_js_1\" ).setAttribute( \"value\", ( new Date() ).getTime() );<\/script><\/p><div class=\"wpcf7-response-output\" aria-hidden=\"true\"><\/div>\n<input type=\"hidden\" name=\"trp-form-language\" value=\"en\"\/><\/form>\n<\/div>\n<\/div><\/div><\/div><\/div>\n<\/div>","protected":false},"excerpt":{"rendered":"N\u00ebse jeni MEKANIK, ELEKTRICIST, SHOFER KAMIONI, IT, EDUKATOR, ose SPECIALIST KONDICIONERI Willkommen n\u00eb DEKRA Akademie. Zgjedhja e duhur p\u00ebr pun\u00ebsim t\u00eb shpejt\u00eb dhe t\u00eb sigurt \u00ebsht\u00eb DEKRA Akademie. Emri: Mbiemri: Dat\u00eblindja (mm\/dd\/yyyy): V\u00ebndlindja: Gjinia: Fem\u00ebr Mashkull Gjendja Civile: Beqar\/e Martuar Numri i F\u00ebmij\u00ebve: Numri Telefonit: Email: Profil: IT Elektricist\u00eb Punonj\u00ebs sistemesh ngrohje dhe ftohje Shofer [...]","protected":false},"author":3,"featured_media":0,"parent":0,"menu_order":0,"comment_status":"closed","ping_status":"closed","template":"","meta":{"footnotes":""},"class_list":["post-20678","page","type-page","status-publish","hentry"],"_links":{"self":[{"href":"https:\/\/dekra-kosovo.com\/en\/wp-json\/wp\/v2\/pages\/20678","targetHints":{"allow":["GET"]}}],"collection":[{"href":"https:\/\/dekra-kosovo.com\/en\/wp-json\/wp\/v2\/pages"}],"about":[{"href":"https:\/\/dekra-kosovo.com\/en\/wp-json\/wp\/v2\/types\/page"}],"author":[{"embeddable":true,"href":"https:\/\/dekra-kosovo.com\/en\/wp-json\/wp\/v2\/users\/3"}],"replies":[{"embeddable":true,"href":"https:\/\/dekra-kosovo.com\/en\/wp-json\/wp\/v2\/comments?post=20678"}],"version-history":[{"count":7,"href":"https:\/\/dekra-kosovo.com\/en\/wp-json\/wp\/v2\/pages\/20678\/revisions"}],"predecessor-version":[{"id":20707,"href":"https:\/\/dekra-kosovo.com\/en\/wp-json\/wp\/v2\/pages\/20678\/revisions\/20707"}],"wp:attachment":[{"href":"https:\/\/dekra-kosovo.com\/en\/wp-json\/wp\/v2\/media?parent=20678"}],"curies":[{"name":"wp","href":"https:\/\/api.w.org\/{rel}","templated":true}]}}