
{"id":398,"date":"2018-12-26T12:57:28","date_gmt":"2018-12-26T12:57:28","guid":{"rendered":"http:\/\/owly.dttheme.com\/?page_id=398"},"modified":"2023-09-28T08:07:52","modified_gmt":"2023-09-28T08:07:52","slug":"regjistrohu","status":"publish","type":"page","link":"https:\/\/dekra-kosovo.com\/en\/regjistrohu\/","title":{"rendered":"Regjistrimi p\u00ebr Infermier"},"content":{"rendered":"<div class=\"wpb-content-wrapper\"><div  data-delay=\"0\" class=\"vc_row wpb_row vc_row-fluid\"><div class=\"wpb_column vc_column_container vc_col-sm-12\" data-delay=\"0\"><div class=\"vc_column-inner \"><div class=\"wpb_wrapper\"><h2 class=\" \" data-delay='0'>A jeni gati?<\/h2><\/div><\/div><\/div><\/div><div  data-delay=\"0\" class=\"vc_row wpb_row vc_row-fluid\"><div class=\"wpb_column vc_column_container vc_col-sm-12\" data-delay=\"0\"><div class=\"vc_column-inner \"><div class=\"wpb_wrapper\">\r\n\t<div class=\"wpb_text_column wpb_content_element \" >\r\n\t\t<div class=\"wpb_wrapper\">\r\n\t\t\t<p>Ky \u00ebsht\u00eb hapi juaj i par\u00eb drejt zhvillimit profesional dhe pun\u00ebsimit n\u00eb Gjermani. Tani mund t\u00eb regjistroheni p\u00ebr t\u00eb filluar programin e DEKRA Akademie n\u00eb Kosov\u00eb. Pasi q\u00eb ti plot\u00ebsoni t\u00eb dh\u00ebnat tuaj do t\u00eb ju kontaktojm\u00eb p\u00ebr hapat e m\u00ebtutjesh\u00ebm. Suksese!<\/p>\n\r\n\t\t<\/div>\r\n\t<\/div>\r\n<\/div><\/div><\/div><\/div><div  data-delay=\"0\" class=\"vc_row wpb_row vc_row-fluid vc_custom_1626685472805 vc_row-has-fill\"><div class=\"wpb_column vc_column_container vc_col-sm-12 vc_col-has-fill\" data-delay=\"0\"><div class=\"vc_column-inner vc_custom_1626685457357\"><div class=\"wpb_wrapper\">\n<div class=\"wpcf7 no-js\" id=\"wpcf7-f11993-o1\" lang=\"en-US\" dir=\"ltr\" data-wpcf7-id=\"11993\">\n<div class=\"screen-reader-response\"><p role=\"status\" aria-live=\"polite\" aria-atomic=\"true\"><\/p> <ul><\/ul><\/div>\n<form action=\"\/en\/wp-json\/wp\/v2\/pages\/398#wpcf7-f11993-o1\" method=\"post\" class=\"wpcf7-form init\" aria-label=\"Contact form\" novalidate=\"novalidate\" data-status=\"init\">\n<fieldset class=\"hidden-fields-container\"><input type=\"hidden\" name=\"_wpcf7\" value=\"11993\" \/><input type=\"hidden\" name=\"_wpcf7_version\" value=\"6.1.6\" \/><input type=\"hidden\" name=\"_wpcf7_locale\" value=\"en_US\" \/><input type=\"hidden\" name=\"_wpcf7_unit_tag\" value=\"wpcf7-f11993-o1\" \/><input type=\"hidden\" name=\"_wpcf7_container_post\" value=\"0\" \/><input type=\"hidden\" name=\"_wpcf7_posted_data_hash\" value=\"\" \/>\n<\/fieldset>\n<fieldset>\n\t<legend>T\u00eb dh\u00ebnat personale\n\t<\/legend>\n\t<ol>\n\t\t<li>\n\t\t\t<p>Emri* <span class=\"wpcf7-form-control-wrap\" data-name=\"text-946\"><input size=\"40\" maxlength=\"400\" class=\"wpcf7-form-control wpcf7-text wpcf7-validates-as-required\" aria-required=\"true\" aria-invalid=\"false\" value=\"\" type=\"text\" name=\"text-946\" \/><\/span>\n\t\t\t<\/p>\n\t\t<\/li>\n\t\t<li>\n\t\t\t<p>Mbiemri* <span class=\"wpcf7-form-control-wrap\" data-name=\"text-625\"><input size=\"40\" maxlength=\"400\" class=\"wpcf7-form-control wpcf7-text wpcf7-validates-as-required\" aria-required=\"true\" aria-invalid=\"false\" value=\"\" type=\"text\" name=\"text-625\" \/><\/span>\n\t\t\t<\/p>\n\t\t<\/li>\n\t\t<li>\n\t\t\t<p>Gjinia*<br \/>\n<span class=\"wpcf7-form-control-wrap\" data-name=\"radio-610\"><span class=\"wpcf7-form-control wpcf7-radio\"><span class=\"wpcf7-list-item first\"><label><input type=\"radio\" name=\"radio-610\" value=\"F\" checked=\"checked\" \/><span class=\"wpcf7-list-item-label\">F<\/span><\/label><\/span><span class=\"wpcf7-list-item last\"><label><input type=\"radio\" name=\"radio-610\" value=\"M\" \/><span class=\"wpcf7-list-item-label\">M<\/span><\/label><\/span><\/span><\/span>\n\t\t\t<\/p>\n\t\t<\/li>\n\t\t<li>\n\t\t\t<p>Dit\u00eblindja* <span class=\"wpcf7-form-control-wrap\" data-name=\"date-94\"><input class=\"wpcf7-form-control wpcf7-date wpcf7-validates-as-required wpcf7-validates-as-date\" aria-required=\"true\" aria-invalid=\"false\" value=\"\" type=\"date\" name=\"date-94\" \/><\/span>\n\t\t\t<\/p>\n\t\t<\/li>\n\t\t<li>\n\t\t\t<p>Numri i Celularit* <span class=\"wpcf7-form-control-wrap\" data-name=\"tel-929\"><input size=\"40\" maxlength=\"400\" class=\"wpcf7-form-control wpcf7-tel wpcf7-validates-as-required wpcf7-text wpcf7-validates-as-tel\" aria-required=\"true\" aria-invalid=\"false\" value=\"\" type=\"tel\" name=\"tel-929\" \/><\/span>\n\t\t\t<\/p>\n\t\t<\/li>\n\t\t<li>\n\t\t\t<p>Email adresa* <span class=\"wpcf7-form-control-wrap\" data-name=\"email-48\"><input size=\"40\" maxlength=\"400\" class=\"wpcf7-form-control wpcf7-email wpcf7-validates-as-required wpcf7-text wpcf7-validates-as-email\" aria-required=\"true\" aria-invalid=\"false\" value=\"\" type=\"email\" name=\"email-48\" \/><\/span>\n\t\t\t<\/p>\n\t\t<\/li>\n\t\t<li>\n\t\t\t<p>Vendbanimi* <span class=\"wpcf7-form-control-wrap\" data-name=\"text-590\"><input size=\"40\" maxlength=\"400\" class=\"wpcf7-form-control wpcf7-text wpcf7-validates-as-required\" aria-required=\"true\" aria-invalid=\"false\" value=\"\" type=\"text\" name=\"text-590\" \/><\/span>\n\t\t\t<\/p>\n\t\t<\/li>\n\t\t<li>\n\t\t\t<p>Mosha* <span class=\"wpcf7-form-control-wrap\" data-name=\"text-511\"><input size=\"40\" maxlength=\"400\" class=\"wpcf7-form-control wpcf7-text wpcf7-validates-as-required\" aria-required=\"true\" aria-invalid=\"false\" value=\"\" type=\"text\" name=\"text-511\" \/><\/span> Nese jeni m\u00eb t\u00eb moshuar se 40 nuk mund t\u00eb aplikoni.\n\t\t\t<\/p>\n\t\t<\/li>\n\t<\/ol>\n\t<legend>Shkollimi\n\t<\/legend>\n\t<p>N\u00eb program mund t\u00eb regjistrohen kandidat\u00ebt q\u00eb kan\u00eb p\u00ebrfunduar shkoll\u00ebn e mesme t\u00eb mjek\u00ebsis\u00eb ose jan\u00eb n\u00eb vitin e fundit t\u00eb shkoll\u00ebs s\u00eb mesme t\u00eb mjek\u00ebsis\u00eb, dhe\/ose kandidat\u00ebt q\u00eb kan\u00eb p\u00ebrfunduar fakultetin e infermieris\u00eb ose jan\u00eb n\u00eb vitin e fundit t\u00eb fakultetit t\u00eb infermieris\u00eb.\n\t<\/p>\n\t<ol>\n\t\t<li>\n\t\t\t<p>Shkolla e mesme e mjek\u00ebsis\u00eb* <span class=\"wpcf7-form-control-wrap\" data-name=\"radio-496\"><span class=\"wpcf7-form-control wpcf7-radio\"><span class=\"wpcf7-list-item first\"><label><input type=\"radio\" name=\"radio-496\" value=\"I P\u00ebrgjithsh\u00ebm\" checked=\"checked\" \/><span class=\"wpcf7-list-item-label\">I P\u00ebrgjithsh\u00ebm<\/span><\/label><\/span><span class=\"wpcf7-list-item last\"><label><input type=\"radio\" name=\"radio-496\" value=\"Pedriatri\" \/><span class=\"wpcf7-list-item-label\">Pedriatri<\/span><\/label><\/span><\/span><\/span>\n\t\t\t<\/p>\n\t\t<\/li>\n\t\t<li>\n\t\t\t<p>A e keni perfunduar shkoll\u00ebn e mesme t\u00eb mjek\u00ebsis\u00eb apo jeni ne vitin e fundit?* <span class=\"wpcf7-form-control-wrap\" data-name=\"radio-877\"><span class=\"wpcf7-form-control wpcf7-radio\"><span class=\"wpcf7-list-item first\"><label><input type=\"radio\" name=\"radio-877\" value=\"E kam p\u00ebrfunduar\" checked=\"checked\" \/><span class=\"wpcf7-list-item-label\">E kam p\u00ebrfunduar<\/span><\/label><\/span><span class=\"wpcf7-list-item last\"><label><input type=\"radio\" name=\"radio-877\" value=\"Jam n\u00eb vitin e fundit\" \/><span class=\"wpcf7-list-item-label\">Jam n\u00eb vitin e fundit<\/span><\/label><\/span><\/span><\/span>\n\t\t\t<\/p>\n\t\t<\/li>\n\t\t<li>\n\t\t\t<p>A jeni licensuar si infermier\/e pas shkoll\u00ebs s\u00eb mesme t\u00eb mjek\u00ebsis\u00eb?* <span class=\"wpcf7-form-control-wrap\" data-name=\"radio-934\"><span class=\"wpcf7-form-control wpcf7-radio\"><span class=\"wpcf7-list-item first\"><label><input type=\"radio\" name=\"radio-934\" value=\"Po\" checked=\"checked\" \/><span class=\"wpcf7-list-item-label\">Po<\/span><\/label><\/span><span class=\"wpcf7-list-item\"><label><input type=\"radio\" name=\"radio-934\" value=\"Jo\" \/><span class=\"wpcf7-list-item-label\">Jo<\/span><\/label><\/span><span class=\"wpcf7-list-item last\"><label><input type=\"radio\" name=\"radio-934\" value=\"Jam duke e ndjekur praktik\u00ebn p\u00ebr licensim\" \/><span class=\"wpcf7-list-item-label\">Jam duke e ndjekur praktik\u00ebn p\u00ebr licensim<\/span><\/label><\/span><\/span><\/span>\n\t\t\t<\/p>\n\t\t<\/li>\n\t\t<li>\n\t\t\t<p>Fakulteti i infermieris\u00eb:* <span class=\"wpcf7-form-control-wrap\" data-name=\"radio-966\"><span class=\"wpcf7-form-control wpcf7-radio\"><span class=\"wpcf7-list-item first\"><label><input type=\"radio\" name=\"radio-966\" value=\"E kam p\u00ebrfunduar\" checked=\"checked\" \/><span class=\"wpcf7-list-item-label\">E kam p\u00ebrfunduar<\/span><\/label><\/span><span class=\"wpcf7-list-item\"><label><input type=\"radio\" name=\"radio-966\" value=\"Jam n\u00eb vitin e fundit\" \/><span class=\"wpcf7-list-item-label\">Jam n\u00eb vitin e fundit<\/span><\/label><\/span><span class=\"wpcf7-list-item last\"><label><input type=\"radio\" name=\"radio-966\" value=\"Nuk e kam p\u00ebrfunduar\" \/><span class=\"wpcf7-list-item-label\">Nuk e kam p\u00ebrfunduar<\/span><\/label><\/span><\/span><\/span>\n\t\t\t<\/p>\n\t\t<\/li>\n\t\t<li>\n\t\t\t<p>Jeni licensuar pas p\u00ebrfundimit t\u00eb fakultetit t\u00eb infermieris\u00eb?* <span class=\"wpcf7-form-control-wrap\" data-name=\"radio-956\"><span class=\"wpcf7-form-control wpcf7-radio\"><span class=\"wpcf7-list-item first\"><label><input type=\"radio\" name=\"radio-956\" value=\"Po\" checked=\"checked\" \/><span class=\"wpcf7-list-item-label\">Po<\/span><\/label><\/span><span class=\"wpcf7-list-item\"><label><input type=\"radio\" name=\"radio-956\" value=\"Jo\" \/><span class=\"wpcf7-list-item-label\">Jo<\/span><\/label><\/span><span class=\"wpcf7-list-item last\"><label><input type=\"radio\" name=\"radio-956\" value=\"Jam duke e ndjekur praktik\u00ebn p\u00ebr licensim\" \/><span class=\"wpcf7-list-item-label\">Jam duke e ndjekur praktik\u00ebn p\u00ebr licensim<\/span><\/label><\/span><\/span><\/span>\n\t\t\t<\/p>\n\t\t<\/li>\n\t\t<legend>Niveli i gjuh\u00ebs\n\t\t<\/legend>\n*N\u00ebse keni njohuri t\u00eb gjuh\u00ebs gjermane ose keni p\u00ebrfunduar ndonj\u00eb kurs t\u00eb gjuh\u00ebs gjermane, ju lutem zgjidhni nivelin t\u00eb cilin e keni p\u00ebrfunduar n\u00eb pjes\u00ebn q\u00eb vijon:\n\t\t<li>\n\t\t\t<p>Niveli:<br \/>\n<span class=\"wpcf7-form-control-wrap\" data-name=\"radio-355\"><span class=\"wpcf7-form-control wpcf7-radio\"><span class=\"wpcf7-list-item first\"><label><input type=\"radio\" name=\"radio-355\" value=\"Fillestar\" checked=\"checked\" \/><span class=\"wpcf7-list-item-label\">Fillestar<\/span><\/label><\/span><span class=\"wpcf7-list-item\"><label><input type=\"radio\" name=\"radio-355\" value=\"A1\" \/><span class=\"wpcf7-list-item-label\">A1<\/span><\/label><\/span><span class=\"wpcf7-list-item\"><label><input type=\"radio\" name=\"radio-355\" value=\"A2\" \/><span class=\"wpcf7-list-item-label\">A2<\/span><\/label><\/span><span class=\"wpcf7-list-item\"><label><input type=\"radio\" name=\"radio-355\" value=\"B1\" \/><span class=\"wpcf7-list-item-label\">B1<\/span><\/label><\/span><span class=\"wpcf7-list-item last\"><label><input type=\"radio\" name=\"radio-355\" value=\"B2\" \/><span class=\"wpcf7-list-item-label\">B2<\/span><\/label><\/span><\/span><\/span>\n\t\t\t<\/p>\n\t\t<\/li>\n\t\t<legend>Kursi\n\t\t<\/legend>\n\t\t<li>\n\t\t\t<p>Qyteti se ku doni t\u00eb ndjekni trajnimin:* <span class=\"wpcf7-form-control-wrap\" data-name=\"radio-694\"><span class=\"wpcf7-form-control wpcf7-radio\"><span class=\"wpcf7-list-item first\"><label><input type=\"radio\" name=\"radio-694\" value=\"Prishtin\u00eb\" checked=\"checked\" \/><span class=\"wpcf7-list-item-label\">Prishtin\u00eb<\/span><\/label><\/span><span class=\"wpcf7-list-item\"><label><input type=\"radio\" name=\"radio-694\" value=\"Mitrovic\u00eb\" \/><span class=\"wpcf7-list-item-label\">Mitrovic\u00eb<\/span><\/label><\/span><span class=\"wpcf7-list-item\"><label><input type=\"radio\" name=\"radio-694\" value=\"Pej\u00eb\" \/><span class=\"wpcf7-list-item-label\">Pej\u00eb<\/span><\/label><\/span><span class=\"wpcf7-list-item\"><label><input type=\"radio\" name=\"radio-694\" value=\"Prizren\" \/><span class=\"wpcf7-list-item-label\">Prizren<\/span><\/label><\/span><span class=\"wpcf7-list-item\"><label><input type=\"radio\" name=\"radio-694\" value=\"Ferizaj\" \/><span class=\"wpcf7-list-item-label\">Ferizaj<\/span><\/label><\/span><span class=\"wpcf7-list-item\"><label><input type=\"radio\" name=\"radio-694\" value=\"Gjilan\" \/><span class=\"wpcf7-list-item-label\">Gjilan<\/span><\/label><\/span><span class=\"wpcf7-list-item last\"><label><input type=\"radio\" name=\"radio-694\" value=\"Gjakov\u00eb\" \/><span class=\"wpcf7-list-item-label\">Gjakov\u00eb<\/span><\/label><\/span><\/span><\/span>\n\t\t\t<\/p>\n\t\t<\/li>\n\t\t<li>\n\t\t\t<p>Ku jeni informuar p\u00ebr DEKRA Akademie?<span class=\"wpcf7-form-control-wrap\" data-name=\"textarea-252\"><textarea cols=\"40\" rows=\"10\" maxlength=\"2000\" class=\"wpcf7-form-control wpcf7-textarea\" aria-invalid=\"false\" name=\"textarea-252\"><\/textarea><\/span>\n\t\t\t<\/p>\n\t\t<\/li> \n <label for=\"consentCheckbox\"><br \/>\n<input type=\"checkbox\" id=\"consentCheckbox\" name=\"consentCheckbox\" value=\"agree\" \/><br \/>\nJap p\u00eblqimin p\u00ebr mbledhjen dhe p\u00ebrpunimin e t\u00eb dh\u00ebnave t\u00eb mia personale nga DEKRA Akademie sh.p.k. n\u00eb p\u00ebrputhje me legjislacionin p\u00ebr mbrojtjen e t\u00eb dh\u00ebnave personale, si dhe bie dakord me Politik\u00ebn e Privat\u00ebsis\u00eb <a href=\"https:\/\/dekra-kosovo.com\/privatesia\/\">www.dekra-kosovo.com\/privatesia\/<\/a>.<br \/>\n<\/label>\n\n\n\n\n <input class=\"wpcf7-form-control wpcf7-submit has-spinner\" type=\"submit\" value=\"D\u00ebrgo\" \/>\n\t<\/ol>\n<\/fieldset><p style=\"display: none !important;\" class=\"akismet-fields-container\" data-prefix=\"_wpcf7_ak_\"><label>\u0394<textarea name=\"_wpcf7_ak_hp_textarea\" cols=\"45\" rows=\"8\" maxlength=\"100\"><\/textarea><\/label><input type=\"hidden\" id=\"ak_js_1\" name=\"_wpcf7_ak_js\" value=\"203\"\/><script type=\"text\/javascript\">\n\/* <![CDATA[ *\/\ndocument.getElementById( \"ak_js_1\" ).setAttribute( \"value\", ( new Date() ).getTime() );\n\/* ]]> *\/\n<\/script>\n<\/p><div class=\"wpcf7-response-output\" aria-hidden=\"true\"><\/div>\n<\/form>\n<\/div>\n<\/div><\/div><\/div><\/div>\n<\/div>","protected":false},"excerpt":{"rendered":"A jeni gati? Ky \u00ebsht\u00eb hapi juaj i par\u00eb drejt zhvillimit profesional dhe pun\u00ebsimit n\u00eb Gjermani. Tani mund t\u00eb regjistroheni p\u00ebr t\u00eb filluar programin e DEKRA Akademie n\u00eb Kosov\u00eb. Pasi q\u00eb ti plot\u00ebsoni t\u00eb dh\u00ebnat tuaj do t\u00eb ju kontaktojm\u00eb p\u00ebr hapat e m\u00ebtutjesh\u00ebm. Suksese! T\u00eb dh\u00ebnat personale Emri* Mbiemri* Gjinia* FM Dit\u00eblindja* Numri i [...]","protected":false},"author":3,"featured_media":0,"parent":0,"menu_order":0,"comment_status":"closed","ping_status":"closed","template":"","meta":{"footnotes":""},"class_list":["post-398","page","type-page","status-publish","hentry"],"_links":{"self":[{"href":"https:\/\/dekra-kosovo.com\/en\/wp-json\/wp\/v2\/pages\/398","targetHints":{"allow":["GET"]}}],"collection":[{"href":"https:\/\/dekra-kosovo.com\/en\/wp-json\/wp\/v2\/pages"}],"about":[{"href":"https:\/\/dekra-kosovo.com\/en\/wp-json\/wp\/v2\/types\/page"}],"author":[{"embeddable":true,"href":"https:\/\/dekra-kosovo.com\/en\/wp-json\/wp\/v2\/users\/3"}],"replies":[{"embeddable":true,"href":"https:\/\/dekra-kosovo.com\/en\/wp-json\/wp\/v2\/comments?post=398"}],"version-history":[{"count":3,"href":"https:\/\/dekra-kosovo.com\/en\/wp-json\/wp\/v2\/pages\/398\/revisions"}],"predecessor-version":[{"id":20689,"href":"https:\/\/dekra-kosovo.com\/en\/wp-json\/wp\/v2\/pages\/398\/revisions\/20689"}],"wp:attachment":[{"href":"https:\/\/dekra-kosovo.com\/en\/wp-json\/wp\/v2\/media?parent=398"}],"curies":[{"name":"wp","href":"https:\/\/api.w.org\/{rel}","templated":true}]}}